{"id":636,"date":"2019-05-21T19:42:43","date_gmt":"2019-05-21T22:42:43","guid":{"rendered":"https:\/\/www.sindmoveis-rio.org.br\/sis\/?page_id=636"},"modified":"2019-05-31T10:52:27","modified_gmt":"2019-05-31T13:52:27","slug":"novos-modelos-de-recebimento","status":"publish","type":"page","link":"https:\/\/www.sindmoveis-rio.org.br\/sis\/novos-modelos-de-recebimento\/","title":{"rendered":"Novos modelos de Recebimento &#8211; SindM\u00f3veis &#8211; Rio"},"content":{"rendered":"\t\t<div data-elementor-type=\"wp-post\" data-elementor-id=\"636\" class=\"elementor elementor-636\">\n\t\t\t\t\t\t<section class=\"elementor-section elementor-top-section elementor-element elementor-element-6c26b5d elementor-section-boxed elementor-section-height-default elementor-section-height-default\" data-id=\"6c26b5d\" data-element_type=\"section\" data-e-type=\"section\">\n\t\t\t\t\t\t<div class=\"elementor-container elementor-column-gap-default\">\n\t\t\t\t\t<div class=\"aux-parallax-section elementor-column elementor-col-100 elementor-top-column elementor-element elementor-element-c17258e\" data-id=\"c17258e\" data-element_type=\"column\" data-e-type=\"column\">\n\t\t\t<div class=\"elementor-widget-wrap elementor-element-populated\">\n\t\t\t\t\t\t<div class=\"elementor-element elementor-element-1db117c aux-appear-watch-animation aux-fade-in-right elementor-widget elementor-widget-aux_modern_heading\" data-id=\"1db117c\" data-element_type=\"widget\" data-e-type=\"widget\" data-widget_type=\"aux_modern_heading.default\">\n\t\t\t\t<div class=\"elementor-widget-container\">\n\t\t\t\t\t<section class=\"aux-widget-modern-heading\">\n            <div class=\"aux-widget-inner\"><h2 class=\"aux-modern-heading-primary\">Cobran\u00e7a<\/h2><h3 class=\"aux-modern-heading-secondary\"><span class=\"aux-head-before\"><b>Novos<\/b> Modelos de Recebimento - SindM\u00f3veis - Rio<\/span><\/h3><div class=\"aux-modern-heading-divider\"><\/div><\/div>\n        <\/section>\t\t\t\t<\/div>\n\t\t\t\t<\/div>\n\t\t\t\t<section class=\"elementor-section elementor-inner-section elementor-element elementor-element-03e7f69 elementor-section-boxed elementor-section-height-default elementor-section-height-default\" data-id=\"03e7f69\" data-element_type=\"section\" data-e-type=\"section\">\n\t\t\t\t\t\t<div class=\"elementor-container elementor-column-gap-default\">\n\t\t\t\t\t<div class=\"aux-parallax-section elementor-column elementor-col-100 elementor-inner-column elementor-element elementor-element-4e174f0\" data-id=\"4e174f0\" data-element_type=\"column\" data-e-type=\"column\">\n\t\t\t<div class=\"elementor-widget-wrap elementor-element-populated\">\n\t\t\t\t\t\t<div class=\"elementor-element elementor-element-6215c8a elementor-widget elementor-widget-text-editor\" data-id=\"6215c8a\" data-element_type=\"widget\" data-e-type=\"widget\" data-widget_type=\"text-editor.default\">\n\t\t\t\t<div class=\"elementor-widget-container\">\n\t\t\t\t\t\t\t\t\t<p>TRANSFER\u00caNCIA BANC\u00c1RIA OBRIGAT\u00d3RIA \u2013 POSTOS DE HOMOLOGA\u00c7\u00c3O FERIADOS<\/p><p>Prezados senhores,<\/p><p>\u00a0<\/p><p>A partir do feriado do dia 20\/06 o Sindm\u00f3veis <strong>somente aceitar\u00e1 nos postos de homologa\u00e7\u00e3o o pagamento atrav\u00e9s de transfer\u00eancia banc\u00e1ria ou cheques<\/strong>. N\u00e3o ser\u00e1 mais permitido o pagamento em esp\u00e9cie, por motivo de seguran\u00e7a. Portanto, pedimos a programa\u00e7\u00e3o de todos. Para os que n\u00e3o conseguirem fazer em tempo h\u00e1bil as lot\u00e9ricas aceitam dep\u00f3sito para a conta da Caixa Econ\u00f4mica.<\/p><p>\u00a0As transfer\u00eancias\/dep\u00f3sitos poder\u00e3o ser realizados, de acordo com a prefer\u00eancia da loja nas ag\u00eancias, a saber:<\/p><p>\u00a0<\/p><p><strong>Banco do Brasil<\/strong><\/p><p>Ag. 1251-3<\/p><p>Conta Corrente: 405.111-4<\/p><p>\u00a0<strong>Ou<\/strong><\/p><p>\u00a0<strong>Caixa Econ\u00f4mica Federal<\/strong>\u00a0(pode ser realizado tamb\u00e9m em loteria)<\/p><p>Ag. 0542\/Op: 003<\/p><p>Conta Corrente: 00775754-0<\/p><p>\u00a0<\/p><p>Favorecido: Sindicato do Com\u00e9rcio Varejista de M\u00f3veis e Decora\u00e7\u00f5es \u2013 Sindm\u00f3veis<\/p><p>\u00a0<\/p><p>A entrega do formul\u00e1rio segue a regra da Conven\u00e7\u00e3o Coletiva para os Feriados: \u00a03 vias entregues nos postos ou sedes \u2013 SEC\/Sindm\u00f3veis \u2013 indicados antecipadamente mais a comprova\u00e7\u00e3o do pagamento, para quem escolher o dep\u00f3sito\/transfer\u00eancia.<\/p><p>\u00a0A regra tamb\u00e9m ser\u00e1 v\u00e1lida para o pagamento das contribui\u00e7\u00f5es pertinentes ao sindicato, quando houver a necessidade de pagamento por recibo, nos postos, salvo quando n\u00e3o for poss\u00edvel a emiss\u00e3o do boleto, para manter o valor do desconto para o feriado em quest\u00e3o.<\/p><p>\u00a0Pedimos a colabora\u00e7\u00e3o de todos nesse processo e desejamos \u00f3timas vendas!<\/p><p>\u00a0<\/p>\t\t\t\t\t\t\t\t<\/div>\n\t\t\t\t<\/div>\n\t\t\t\t\t<\/div>\n\t\t<\/div>\n\t\t\t\t\t<\/div>\n\t\t<\/section>\n\t\t\t\t\t<\/div>\n\t\t<\/div>\n\t\t\t\t\t<\/div>\n\t\t<\/section>\n\t\t\t\t<\/div>\n\t\t","protected":false},"excerpt":{"rendered":"<p>Cobran\u00e7a Novos Modelos de Recebimento &#8211; SindM\u00f3veis &#8211; Rio TRANSFER\u00caNCIA BANC\u00c1RIA OBRIGAT\u00d3RIA \u2013 POSTOS DE HOMOLOGA\u00c7\u00c3O FERIADOS Prezados senhores, \u00a0 A partir do feriado do dia 20\/06 o Sindm\u00f3veis somente aceitar\u00e1 nos postos de homologa\u00e7\u00e3o o pagamento atrav\u00e9s de transfer\u00eancia banc\u00e1ria ou cheques. N\u00e3o ser\u00e1 mais permitido o pagamento em esp\u00e9cie, por motivo de seguran\u00e7a. [&hellip;]<\/p>\n","protected":false},"author":1,"featured_media":0,"parent":0,"menu_order":0,"comment_status":"closed","ping_status":"closed","template":"","meta":{"footnotes":""},"class_list":["post-636","page","type-page","status-publish","hentry"],"yoast_head":"<!-- This site is optimized with the Yoast SEO plugin v27.1.1 - https:\/\/yoast.com\/product\/yoast-seo-wordpress\/ -->\n<title>Novos modelos de Recebimento - SindM\u00f3veis - Rio &#8226; SindMoveis-Rio<\/title>\n<meta name=\"robots\" content=\"index, follow, max-snippet:-1, max-image-preview:large, max-video-preview:-1\" \/>\n<link rel=\"canonical\" href=\"https:\/\/www.sindmoveis-rio.org.br\/sis\/novos-modelos-de-recebimento\/\" \/>\n<meta property=\"og:locale\" content=\"pt_BR\" \/>\n<meta property=\"og:type\" content=\"article\" \/>\n<meta property=\"og:title\" content=\"Novos modelos de Recebimento - SindM\u00f3veis - Rio &#8226; SindMoveis-Rio\" \/>\n<meta property=\"og:description\" content=\"Cobran\u00e7a Novos Modelos de Recebimento &#8211; SindM\u00f3veis &#8211; Rio TRANSFER\u00caNCIA BANC\u00c1RIA OBRIGAT\u00d3RIA \u2013 POSTOS DE HOMOLOGA\u00c7\u00c3O FERIADOS Prezados senhores, \u00a0 A partir do feriado do dia 20\/06 o Sindm\u00f3veis somente aceitar\u00e1 nos postos de homologa\u00e7\u00e3o o pagamento atrav\u00e9s de transfer\u00eancia banc\u00e1ria ou cheques. N\u00e3o ser\u00e1 mais permitido o pagamento em esp\u00e9cie, por motivo de seguran\u00e7a. [&hellip;]\" \/>\n<meta property=\"og:url\" content=\"https:\/\/www.sindmoveis-rio.org.br\/sis\/novos-modelos-de-recebimento\/\" \/>\n<meta property=\"og:site_name\" content=\"SindMoveis-Rio\" \/>\n<meta property=\"article:publisher\" content=\"https:\/\/www.facebook.com\/Sindmveis-Rio-577452512685151\/\" \/>\n<meta property=\"article:modified_time\" content=\"2019-05-31T13:52:27+00:00\" \/>\n<meta name=\"twitter:card\" content=\"summary_large_image\" \/>\n<script type=\"application\/ld+json\" class=\"yoast-schema-graph\">{\"@context\":\"https:\/\/schema.org\",\"@graph\":[{\"@type\":\"WebPage\",\"@id\":\"https:\/\/www.sindmoveis-rio.org.br\/sis\/novos-modelos-de-recebimento\/\",\"url\":\"https:\/\/www.sindmoveis-rio.org.br\/sis\/novos-modelos-de-recebimento\/\",\"name\":\"Novos modelos de Recebimento - SindM\u00f3veis - Rio &#8226; SindMoveis-Rio\",\"isPartOf\":{\"@id\":\"https:\/\/www.sindmoveis-rio.org.br\/sis\/#website\"},\"datePublished\":\"2019-05-21T22:42:43+00:00\",\"dateModified\":\"2019-05-31T13:52:27+00:00\",\"breadcrumb\":{\"@id\":\"https:\/\/www.sindmoveis-rio.org.br\/sis\/novos-modelos-de-recebimento\/#breadcrumb\"},\"inLanguage\":\"pt-BR\",\"potentialAction\":[{\"@type\":\"ReadAction\",\"target\":[\"https:\/\/www.sindmoveis-rio.org.br\/sis\/novos-modelos-de-recebimento\/\"]}]},{\"@type\":\"BreadcrumbList\",\"@id\":\"https:\/\/www.sindmoveis-rio.org.br\/sis\/novos-modelos-de-recebimento\/#breadcrumb\",\"itemListElement\":[{\"@type\":\"ListItem\",\"position\":1,\"name\":\"Home\",\"item\":\"https:\/\/www.sindmoveis-rio.org.br\/sis\/\"},{\"@type\":\"ListItem\",\"position\":2,\"name\":\"Novos modelos de Recebimento &#8211; SindM\u00f3veis &#8211; Rio\"}]},{\"@type\":\"WebSite\",\"@id\":\"https:\/\/www.sindmoveis-rio.org.br\/sis\/#website\",\"url\":\"https:\/\/www.sindmoveis-rio.org.br\/sis\/\",\"name\":\"SindMoveis-Rio\",\"description\":\"Sindicato de M\u00f3veis e Decora\u00e7\u00f5es do Munic\u00edpio do Rio de Janeiro\",\"publisher\":{\"@id\":\"https:\/\/www.sindmoveis-rio.org.br\/sis\/#organization\"},\"potentialAction\":[{\"@type\":\"SearchAction\",\"target\":{\"@type\":\"EntryPoint\",\"urlTemplate\":\"https:\/\/www.sindmoveis-rio.org.br\/sis\/?s={search_term_string}\"},\"query-input\":{\"@type\":\"PropertyValueSpecification\",\"valueRequired\":true,\"valueName\":\"search_term_string\"}}],\"inLanguage\":\"pt-BR\"},{\"@type\":\"Organization\",\"@id\":\"https:\/\/www.sindmoveis-rio.org.br\/sis\/#organization\",\"name\":\"Sindm\u00f3veis Rio\",\"url\":\"https:\/\/www.sindmoveis-rio.org.br\/sis\/\",\"logo\":{\"@type\":\"ImageObject\",\"inLanguage\":\"pt-BR\",\"@id\":\"https:\/\/www.sindmoveis-rio.org.br\/sis\/#\/schema\/logo\/image\/\",\"url\":\"https:\/\/www.sindmoveis-rio.org.br\/sis\/wp-content\/uploads\/2018\/12\/SindMoveis_logo_p.jpg\",\"contentUrl\":\"https:\/\/www.sindmoveis-rio.org.br\/sis\/wp-content\/uploads\/2018\/12\/SindMoveis_logo_p.jpg\",\"width\":200,\"height\":46,\"caption\":\"Sindm\u00f3veis Rio\"},\"image\":{\"@id\":\"https:\/\/www.sindmoveis-rio.org.br\/sis\/#\/schema\/logo\/image\/\"},\"sameAs\":[\"https:\/\/www.facebook.com\/Sindmveis-Rio-577452512685151\/\"]}]}<\/script>\n<!-- \/ Yoast SEO plugin. -->","yoast_head_json":{"title":"Novos modelos de Recebimento - SindM\u00f3veis - Rio &#8226; SindMoveis-Rio","robots":{"index":"index","follow":"follow","max-snippet":"max-snippet:-1","max-image-preview":"max-image-preview:large","max-video-preview":"max-video-preview:-1"},"canonical":"https:\/\/www.sindmoveis-rio.org.br\/sis\/novos-modelos-de-recebimento\/","og_locale":"pt_BR","og_type":"article","og_title":"Novos modelos de Recebimento - SindM\u00f3veis - Rio &#8226; SindMoveis-Rio","og_description":"Cobran\u00e7a Novos Modelos de Recebimento &#8211; SindM\u00f3veis &#8211; Rio TRANSFER\u00caNCIA BANC\u00c1RIA OBRIGAT\u00d3RIA \u2013 POSTOS DE HOMOLOGA\u00c7\u00c3O FERIADOS Prezados senhores, \u00a0 A partir do feriado do dia 20\/06 o Sindm\u00f3veis somente aceitar\u00e1 nos postos de homologa\u00e7\u00e3o o pagamento atrav\u00e9s de transfer\u00eancia banc\u00e1ria ou cheques. N\u00e3o ser\u00e1 mais permitido o pagamento em esp\u00e9cie, por motivo de seguran\u00e7a. [&hellip;]","og_url":"https:\/\/www.sindmoveis-rio.org.br\/sis\/novos-modelos-de-recebimento\/","og_site_name":"SindMoveis-Rio","article_publisher":"https:\/\/www.facebook.com\/Sindmveis-Rio-577452512685151\/","article_modified_time":"2019-05-31T13:52:27+00:00","twitter_card":"summary_large_image","schema":{"@context":"https:\/\/schema.org","@graph":[{"@type":"WebPage","@id":"https:\/\/www.sindmoveis-rio.org.br\/sis\/novos-modelos-de-recebimento\/","url":"https:\/\/www.sindmoveis-rio.org.br\/sis\/novos-modelos-de-recebimento\/","name":"Novos modelos de Recebimento - SindM\u00f3veis - Rio &#8226; SindMoveis-Rio","isPartOf":{"@id":"https:\/\/www.sindmoveis-rio.org.br\/sis\/#website"},"datePublished":"2019-05-21T22:42:43+00:00","dateModified":"2019-05-31T13:52:27+00:00","breadcrumb":{"@id":"https:\/\/www.sindmoveis-rio.org.br\/sis\/novos-modelos-de-recebimento\/#breadcrumb"},"inLanguage":"pt-BR","potentialAction":[{"@type":"ReadAction","target":["https:\/\/www.sindmoveis-rio.org.br\/sis\/novos-modelos-de-recebimento\/"]}]},{"@type":"BreadcrumbList","@id":"https:\/\/www.sindmoveis-rio.org.br\/sis\/novos-modelos-de-recebimento\/#breadcrumb","itemListElement":[{"@type":"ListItem","position":1,"name":"Home","item":"https:\/\/www.sindmoveis-rio.org.br\/sis\/"},{"@type":"ListItem","position":2,"name":"Novos modelos de Recebimento &#8211; SindM\u00f3veis &#8211; Rio"}]},{"@type":"WebSite","@id":"https:\/\/www.sindmoveis-rio.org.br\/sis\/#website","url":"https:\/\/www.sindmoveis-rio.org.br\/sis\/","name":"SindMoveis-Rio","description":"Sindicato de M\u00f3veis e Decora\u00e7\u00f5es do Munic\u00edpio do Rio de Janeiro","publisher":{"@id":"https:\/\/www.sindmoveis-rio.org.br\/sis\/#organization"},"potentialAction":[{"@type":"SearchAction","target":{"@type":"EntryPoint","urlTemplate":"https:\/\/www.sindmoveis-rio.org.br\/sis\/?s={search_term_string}"},"query-input":{"@type":"PropertyValueSpecification","valueRequired":true,"valueName":"search_term_string"}}],"inLanguage":"pt-BR"},{"@type":"Organization","@id":"https:\/\/www.sindmoveis-rio.org.br\/sis\/#organization","name":"Sindm\u00f3veis Rio","url":"https:\/\/www.sindmoveis-rio.org.br\/sis\/","logo":{"@type":"ImageObject","inLanguage":"pt-BR","@id":"https:\/\/www.sindmoveis-rio.org.br\/sis\/#\/schema\/logo\/image\/","url":"https:\/\/www.sindmoveis-rio.org.br\/sis\/wp-content\/uploads\/2018\/12\/SindMoveis_logo_p.jpg","contentUrl":"https:\/\/www.sindmoveis-rio.org.br\/sis\/wp-content\/uploads\/2018\/12\/SindMoveis_logo_p.jpg","width":200,"height":46,"caption":"Sindm\u00f3veis Rio"},"image":{"@id":"https:\/\/www.sindmoveis-rio.org.br\/sis\/#\/schema\/logo\/image\/"},"sameAs":["https:\/\/www.facebook.com\/Sindmveis-Rio-577452512685151\/"]}]}},"_links":{"self":[{"href":"https:\/\/www.sindmoveis-rio.org.br\/sis\/wp-json\/wp\/v2\/pages\/636","targetHints":{"allow":["GET"]}}],"collection":[{"href":"https:\/\/www.sindmoveis-rio.org.br\/sis\/wp-json\/wp\/v2\/pages"}],"about":[{"href":"https:\/\/www.sindmoveis-rio.org.br\/sis\/wp-json\/wp\/v2\/types\/page"}],"author":[{"embeddable":true,"href":"https:\/\/www.sindmoveis-rio.org.br\/sis\/wp-json\/wp\/v2\/users\/1"}],"replies":[{"embeddable":true,"href":"https:\/\/www.sindmoveis-rio.org.br\/sis\/wp-json\/wp\/v2\/comments?post=636"}],"version-history":[{"count":4,"href":"https:\/\/www.sindmoveis-rio.org.br\/sis\/wp-json\/wp\/v2\/pages\/636\/revisions"}],"predecessor-version":[{"id":762,"href":"https:\/\/www.sindmoveis-rio.org.br\/sis\/wp-json\/wp\/v2\/pages\/636\/revisions\/762"}],"wp:attachment":[{"href":"https:\/\/www.sindmoveis-rio.org.br\/sis\/wp-json\/wp\/v2\/media?parent=636"}],"curies":[{"name":"wp","href":"https:\/\/api.w.org\/{rel}","templated":true}]}}