{"id":525,"date":"2019-05-06T14:44:14","date_gmt":"2019-05-06T17:44:14","guid":{"rendered":"https:\/\/www.sindmoveis-rio.org.br\/sis\/?page_id=525"},"modified":"2019-05-06T14:47:36","modified_gmt":"2019-05-06T17:47:36","slug":"plataformaderegistros","status":"publish","type":"page","link":"https:\/\/www.sindmoveis-rio.org.br\/sis\/plataformaderegistros\/","title":{"rendered":"Plataforma de Registros"},"content":{"rendered":"\t\t<div data-elementor-type=\"wp-post\" data-elementor-id=\"525\" class=\"elementor elementor-525\">\n\t\t\t\t\t\t<section class=\"elementor-section elementor-top-section elementor-element elementor-element-6c26b5d elementor-section-boxed elementor-section-height-default elementor-section-height-default\" data-id=\"6c26b5d\" data-element_type=\"section\" data-e-type=\"section\">\n\t\t\t\t\t\t<div class=\"elementor-container elementor-column-gap-default\">\n\t\t\t\t\t<div class=\"aux-parallax-section elementor-column elementor-col-100 elementor-top-column elementor-element elementor-element-c17258e\" data-id=\"c17258e\" data-element_type=\"column\" data-e-type=\"column\">\n\t\t\t<div class=\"elementor-widget-wrap elementor-element-populated\">\n\t\t\t\t\t\t<div class=\"elementor-element elementor-element-1db117c aux-appear-watch-animation aux-fade-in-right elementor-widget elementor-widget-aux_modern_heading\" data-id=\"1db117c\" data-element_type=\"widget\" data-e-type=\"widget\" data-widget_type=\"aux_modern_heading.default\">\n\t\t\t\t<div class=\"elementor-widget-container\">\n\t\t\t\t\t<section class=\"aux-widget-modern-heading\">\n            <div class=\"aux-widget-inner\"><h2 class=\"aux-modern-heading-primary\">Cobran\u00e7a<\/h2><h3 class=\"aux-modern-heading-secondary\"><span class=\"aux-head-before\"><b>Nova<\/b> Plataforma de Boletos<\/span><\/h3><div class=\"aux-modern-heading-divider\"><\/div><\/div>\n        <\/section>\t\t\t\t<\/div>\n\t\t\t\t<\/div>\n\t\t\t\t<section class=\"elementor-section elementor-inner-section elementor-element elementor-element-03e7f69 elementor-section-boxed elementor-section-height-default elementor-section-height-default\" data-id=\"03e7f69\" data-element_type=\"section\" data-e-type=\"section\">\n\t\t\t\t\t\t<div class=\"elementor-container elementor-column-gap-default\">\n\t\t\t\t\t<div class=\"aux-parallax-section elementor-column elementor-col-100 elementor-inner-column elementor-element elementor-element-4e174f0\" data-id=\"4e174f0\" data-element_type=\"column\" data-e-type=\"column\">\n\t\t\t<div class=\"elementor-widget-wrap elementor-element-populated\">\n\t\t\t\t\t\t<div class=\"elementor-element elementor-element-6215c8a elementor-widget elementor-widget-text-editor\" data-id=\"6215c8a\" data-element_type=\"widget\" data-e-type=\"widget\" data-widget_type=\"text-editor.default\">\n\t\t\t\t<div class=\"elementor-widget-container\">\n\t\t\t\t\t\t\t\t\t<p>A nova plataforma da cobran\u00e7a registrada determinada pela Febraban \u00e9 um sistema para modernizar o processo de liquida\u00e7\u00e3o dos boletos banc\u00e1rios, que trazem mais controle e seguran\u00e7a a esse meio de pagamento, para garantir mais confiabilidade e comodidade aos usu\u00e1rios.<\/p><p>Essa opera\u00e7\u00e3o passou a vigorar desde julho de 2017 n\u00e3o impedindo que a forma\u00a0<b>n\u00e3o registrada<\/b>\u00a0continuasse em quest\u00e3o e, sendo a maneira mais simples de emiss\u00e3o, o Sindicato ainda adotou o formato antigo, de maneira a n\u00e3o atrasar os recebimentos facilitando tamb\u00e9m para quem precisava estar em dia com as contribui\u00e7\u00f5es ao mesmo tempo em que foi trabalhando na adapta\u00e7\u00e3o pelo sistema TCS.<\/p>\t\t\t\t\t\t\t\t<\/div>\n\t\t\t\t<\/div>\n\t\t\t\t\t<\/div>\n\t\t<\/div>\n\t\t\t\t\t<\/div>\n\t\t<\/section>\n\t\t\t\t<section class=\"elementor-section elementor-inner-section elementor-element elementor-element-c87cfde elementor-section-boxed elementor-section-height-default elementor-section-height-default\" data-id=\"c87cfde\" data-element_type=\"section\" data-e-type=\"section\">\n\t\t\t\t\t\t<div class=\"elementor-container elementor-column-gap-default\">\n\t\t\t\t\t<div class=\"aux-parallax-section elementor-column elementor-col-50 elementor-inner-column elementor-element elementor-element-f325354\" data-id=\"f325354\" data-element_type=\"column\" data-e-type=\"column\">\n\t\t\t<div class=\"elementor-widget-wrap elementor-element-populated\">\n\t\t\t\t\t\t<div class=\"aux-parallax-piece elementor-element elementor-element-64e5271 elementor-widget elementor-widget-aux_simple_svg\" data-parallax-origin=\"middle\" data-parallax-depth=\"0.07\" data-parallax-off=\"1024\" data-id=\"64e5271\" data-element_type=\"widget\" data-e-type=\"widget\" data-widget_type=\"aux_simple_svg.default\">\n\t\t\t\t<div class=\"elementor-widget-container\">\n\t\t\t\t\t    <div class=\"aux-widget-container aux-simple-svg-container\">\n        <div class=\"aux-widget-container-inner\">\n            <div class=\"aux-the-svg\"><img decoding=\"async\" src=\"https:\/\/www.sindmoveis-rio.org.br\/sis\/wp-content\/uploads\/2019\/05\/febraban.jpg\" title=\"Febraban  -Nova Plataforma de Boletos Registrados\" alt=\"Nova Plataforma de Boletos Registrados\" loading=\"lazy\" \/><\/div>\n        <\/div>\n    <\/div>\n    \t\t\t\t<\/div>\n\t\t\t\t<\/div>\n\t\t\t\t\t<\/div>\n\t\t<\/div>\n\t\t\t\t<div class=\"aux-parallax-section elementor-column elementor-col-50 elementor-inner-column elementor-element elementor-element-1b01f42\" data-id=\"1b01f42\" data-element_type=\"column\" data-e-type=\"column\">\n\t\t\t<div class=\"elementor-widget-wrap elementor-element-populated\">\n\t\t\t\t\t\t<div class=\"elementor-element elementor-element-997a231 elementor-widget elementor-widget-text-editor\" data-id=\"997a231\" data-element_type=\"widget\" data-e-type=\"widget\" data-widget_type=\"text-editor.default\">\n\t\t\t\t<div class=\"elementor-widget-container\">\n\t\t\t\t\t\t\t\t\t<p>A partir de 10 de novembro de 2018 todos os boletos deveriam estar adaptados para esse novo sistema e, desta forma a modalidade\u00a0<b>n\u00e3o registrada<\/b>\u00a0seria eliminada. Sendo que \u00e0s vezes ela ainda \u00e9 permitida de recebimento e n\u00e3o sabemos explicar o motivo, por ser uma quest\u00e3o do pr\u00f3prio Banco do Brasil.<\/p><p><b>O processo de emiss\u00e3o dos boletos se d\u00e1 desta forma<\/b>:\u00a0No sistema TCS fazemos a gera\u00e7\u00e3o financeira e encaminhamos pelo gerenciador financeiro do Banco do Brasil, via internet, e esperamos o dia seguinte por um relat\u00f3rio de retorno, que valida a emiss\u00e3o e esta acontece no sistema TCS. Ap\u00f3s esse processo encaminhamos o boleto ao respons\u00e1vel para pagamento.<\/p>\t\t\t\t\t\t\t\t<\/div>\n\t\t\t\t<\/div>\n\t\t\t\t\t<\/div>\n\t\t<\/div>\n\t\t\t\t\t<\/div>\n\t\t<\/section>\n\t\t\t\t\t<\/div>\n\t\t<\/div>\n\t\t\t\t\t<\/div>\n\t\t<\/section>\n\t\t\t\t<section class=\"elementor-section elementor-top-section elementor-element elementor-element-1b8b633 elementor-hidden-phone elementor-section-boxed elementor-section-height-default elementor-section-height-default\" data-id=\"1b8b633\" data-element_type=\"section\" data-e-type=\"section\">\n\t\t\t\t\t\t<div class=\"elementor-container elementor-column-gap-default\">\n\t\t\t\t\t<div class=\"aux-parallax-section elementor-column elementor-col-100 elementor-top-column elementor-element elementor-element-886ca86\" data-id=\"886ca86\" data-element_type=\"column\" data-e-type=\"column\">\n\t\t\t<div class=\"elementor-widget-wrap elementor-element-populated\">\n\t\t\t\t\t\t<div class=\"elementor-element elementor-element-306d073 elementor-widget elementor-widget-text-editor\" data-id=\"306d073\" data-element_type=\"widget\" data-e-type=\"widget\" data-widget_type=\"text-editor.default\">\n\t\t\t\t<div class=\"elementor-widget-container\">\n\t\t\t\t\t\t\t\t\t<p>Essa nova plataforma\u00a0<b>est\u00e1 apresentando problema no retorno<\/b>.\u00a0Quando fazemos em lote e, quando a loja n\u00e3o perde o prazo de pagamento &#8211; n\u00e3o h\u00e1 problema, mas quando se perde o vencimento, precisamos iniciar o processo e o gerenciador financeiro entende que ele j\u00e1 foi emitido e n\u00e3o libera novo retorno, para posterior emiss\u00e3o do boleto pelo sistema pr\u00f3prio. Atualmente este processo est\u00e1 sendo analisado pela \u00e1rea t\u00e9cnica do Banco do Brasil, onde se concentram a maioria dos nossos recebimentos (mensalidade, assistencial e confederativa) e de um ano para c\u00e1 estamos enfrentando problema nessa transi\u00e7\u00e3o. Vale ressaltar que toda mudan\u00e7a h\u00e1 realmente adapta\u00e7\u00f5es, at\u00e9 que se torne completo a implanta\u00e7\u00e3o de qualquer sistema.<\/p><p>Gostar\u00edamos de informar que estamos neste longo processo com refazimentos e trocas de e-mails com a \u00e1rea t\u00e9cnica do Banco. Para n\u00e3o paralisar o recebimento evitando desgastes em trocas de boletos e garantir o desconto nas homologa\u00e7\u00f5es, o Sindm\u00f3veis tomou uma medida provis\u00f3ria, at\u00e9 que se normalize essa situa\u00e7\u00e3o: \u00a0<\/p><p>&#8211;\u00a0pagamento mediante dep\u00f3sito em nossa conta (Banco do Brasil ou a Caixa) e a partir da comprova\u00e7\u00e3o de entrada em uma das contas, damos a baixa manual no sistema e encaminhamos um recibo de comprova\u00e7\u00e3o do pagamento.<\/p><p>&#8211;\u00a0um funcion\u00e1rio nosso vai at\u00e9 ao respons\u00e1vel pelo pagamento da loja e recolhe o valor do d\u00e9bito\u00a0 informado. Emite um recibo de quita\u00e7\u00e3o de d\u00e9bito e as pend\u00eancias s\u00e3o baixadas manualmente em\u00a0 \u00a0 \u00a0 \u00a0 \u00a0 \u00a0 \u00a0 \u00a0 nosso sistema.<\/p><p>\u00a0<\/p><p><i>Aten\u00e7\u00e3o: Procuramos n\u00e3o acertar as contribui\u00e7\u00f5es que s\u00e3o compartilhadas como a Confederativa (esta tamb\u00e9m est\u00e1 em processo de parametriza\u00e7\u00e3o de sistema) e a Sindical, mas em \u00faltimo caso recebemos e assim que for normalizado o sistema faremos o pagamento do boleto, de forma que os rateios caiam corretamente (CNC, Federa\u00e7\u00e3o e Sindicato).<\/i><\/p><p>Para finalizar gostar\u00edamos de informar que t\u00e3o logo o Banco do Brasil nos d\u00ea a solu\u00e7\u00e3o para o acerto este ser\u00e1 comunicado a todos, porque esperamos que em breve essa situa\u00e7\u00e3o esteja normalizada, porque segundo instru\u00e7\u00f5es que recebemos \u00a0o sistema tem que estar normalizado at\u00e9 11\/03\/2019.<\/p><p>Agradecemos a compreens\u00e3o de todos e estamos \u00e0 disposi\u00e7\u00e3o para outros esclarecimentos.<\/p><p>Secretaria Sindm\u00f3veis<\/p>\t\t\t\t\t\t\t\t<\/div>\n\t\t\t\t<\/div>\n\t\t\t\t\t<\/div>\n\t\t<\/div>\n\t\t\t\t\t<\/div>\n\t\t<\/section>\n\t\t\t\t<\/div>\n\t\t","protected":false},"excerpt":{"rendered":"<p>Cobran\u00e7a Nova Plataforma de Boletos A nova plataforma da cobran\u00e7a registrada determinada pela Febraban \u00e9 um sistema para modernizar o processo de liquida\u00e7\u00e3o dos boletos banc\u00e1rios, que trazem mais controle e seguran\u00e7a a esse meio de pagamento, para garantir mais confiabilidade e comodidade aos usu\u00e1rios. Essa opera\u00e7\u00e3o passou a vigorar desde julho de 2017 n\u00e3o [&hellip;]<\/p>\n","protected":false},"author":1,"featured_media":0,"parent":0,"menu_order":0,"comment_status":"closed","ping_status":"closed","template":"","meta":{"footnotes":""},"class_list":["post-525","page","type-page","status-publish","hentry"],"yoast_head":"<!-- This site is optimized with the Yoast SEO plugin v27.1.1 - https:\/\/yoast.com\/product\/yoast-seo-wordpress\/ -->\n<title>Plataforma de Registros &#8226; SindMoveis-Rio<\/title>\n<meta name=\"robots\" content=\"index, follow, max-snippet:-1, max-image-preview:large, max-video-preview:-1\" \/>\n<link rel=\"canonical\" href=\"https:\/\/www.sindmoveis-rio.org.br\/sis\/plataformaderegistros\/\" \/>\n<meta property=\"og:locale\" content=\"pt_BR\" \/>\n<meta property=\"og:type\" content=\"article\" \/>\n<meta property=\"og:title\" content=\"Plataforma de Registros &#8226; SindMoveis-Rio\" \/>\n<meta property=\"og:description\" content=\"Cobran\u00e7a Nova Plataforma de Boletos A nova plataforma da cobran\u00e7a registrada determinada pela Febraban \u00e9 um sistema para modernizar o processo de liquida\u00e7\u00e3o dos boletos banc\u00e1rios, que trazem mais controle e seguran\u00e7a a esse meio de pagamento, para garantir mais confiabilidade e comodidade aos usu\u00e1rios. Essa opera\u00e7\u00e3o passou a vigorar desde julho de 2017 n\u00e3o [&hellip;]\" \/>\n<meta property=\"og:url\" content=\"https:\/\/www.sindmoveis-rio.org.br\/sis\/plataformaderegistros\/\" \/>\n<meta property=\"og:site_name\" content=\"SindMoveis-Rio\" \/>\n<meta property=\"article:publisher\" content=\"https:\/\/www.facebook.com\/Sindmveis-Rio-577452512685151\/\" \/>\n<meta property=\"article:modified_time\" content=\"2019-05-06T17:47:36+00:00\" \/>\n<meta property=\"og:image\" content=\"https:\/\/www.sindmoveis-rio.org.br\/sis\/wp-content\/uploads\/2019\/05\/febraban.jpg\" \/>\n<meta name=\"twitter:card\" content=\"summary_large_image\" \/>\n<script type=\"application\/ld+json\" class=\"yoast-schema-graph\">{\"@context\":\"https:\/\/schema.org\",\"@graph\":[{\"@type\":\"WebPage\",\"@id\":\"https:\/\/www.sindmoveis-rio.org.br\/sis\/plataformaderegistros\/\",\"url\":\"https:\/\/www.sindmoveis-rio.org.br\/sis\/plataformaderegistros\/\",\"name\":\"Plataforma de Registros &#8226; SindMoveis-Rio\",\"isPartOf\":{\"@id\":\"https:\/\/www.sindmoveis-rio.org.br\/sis\/#website\"},\"primaryImageOfPage\":{\"@id\":\"https:\/\/www.sindmoveis-rio.org.br\/sis\/plataformaderegistros\/#primaryimage\"},\"image\":{\"@id\":\"https:\/\/www.sindmoveis-rio.org.br\/sis\/plataformaderegistros\/#primaryimage\"},\"thumbnailUrl\":\"https:\/\/www.sindmoveis-rio.org.br\/sis\/wp-content\/uploads\/2019\/05\/febraban.jpg\",\"datePublished\":\"2019-05-06T17:44:14+00:00\",\"dateModified\":\"2019-05-06T17:47:36+00:00\",\"breadcrumb\":{\"@id\":\"https:\/\/www.sindmoveis-rio.org.br\/sis\/plataformaderegistros\/#breadcrumb\"},\"inLanguage\":\"pt-BR\",\"potentialAction\":[{\"@type\":\"ReadAction\",\"target\":[\"https:\/\/www.sindmoveis-rio.org.br\/sis\/plataformaderegistros\/\"]}]},{\"@type\":\"ImageObject\",\"inLanguage\":\"pt-BR\",\"@id\":\"https:\/\/www.sindmoveis-rio.org.br\/sis\/plataformaderegistros\/#primaryimage\",\"url\":\"https:\/\/www.sindmoveis-rio.org.br\/sis\/wp-content\/uploads\/2019\/05\/febraban.jpg\",\"contentUrl\":\"https:\/\/www.sindmoveis-rio.org.br\/sis\/wp-content\/uploads\/2019\/05\/febraban.jpg\",\"width\":603,\"height\":476,\"caption\":\"Nova Plataforma de Boletos Registrados\"},{\"@type\":\"BreadcrumbList\",\"@id\":\"https:\/\/www.sindmoveis-rio.org.br\/sis\/plataformaderegistros\/#breadcrumb\",\"itemListElement\":[{\"@type\":\"ListItem\",\"position\":1,\"name\":\"Home\",\"item\":\"https:\/\/www.sindmoveis-rio.org.br\/sis\/\"},{\"@type\":\"ListItem\",\"position\":2,\"name\":\"Plataforma de Registros\"}]},{\"@type\":\"WebSite\",\"@id\":\"https:\/\/www.sindmoveis-rio.org.br\/sis\/#website\",\"url\":\"https:\/\/www.sindmoveis-rio.org.br\/sis\/\",\"name\":\"SindMoveis-Rio\",\"description\":\"Sindicato de M\u00f3veis e Decora\u00e7\u00f5es do Munic\u00edpio do Rio de Janeiro\",\"publisher\":{\"@id\":\"https:\/\/www.sindmoveis-rio.org.br\/sis\/#organization\"},\"potentialAction\":[{\"@type\":\"SearchAction\",\"target\":{\"@type\":\"EntryPoint\",\"urlTemplate\":\"https:\/\/www.sindmoveis-rio.org.br\/sis\/?s={search_term_string}\"},\"query-input\":{\"@type\":\"PropertyValueSpecification\",\"valueRequired\":true,\"valueName\":\"search_term_string\"}}],\"inLanguage\":\"pt-BR\"},{\"@type\":\"Organization\",\"@id\":\"https:\/\/www.sindmoveis-rio.org.br\/sis\/#organization\",\"name\":\"Sindm\u00f3veis Rio\",\"url\":\"https:\/\/www.sindmoveis-rio.org.br\/sis\/\",\"logo\":{\"@type\":\"ImageObject\",\"inLanguage\":\"pt-BR\",\"@id\":\"https:\/\/www.sindmoveis-rio.org.br\/sis\/#\/schema\/logo\/image\/\",\"url\":\"https:\/\/www.sindmoveis-rio.org.br\/sis\/wp-content\/uploads\/2018\/12\/SindMoveis_logo_p.jpg\",\"contentUrl\":\"https:\/\/www.sindmoveis-rio.org.br\/sis\/wp-content\/uploads\/2018\/12\/SindMoveis_logo_p.jpg\",\"width\":200,\"height\":46,\"caption\":\"Sindm\u00f3veis Rio\"},\"image\":{\"@id\":\"https:\/\/www.sindmoveis-rio.org.br\/sis\/#\/schema\/logo\/image\/\"},\"sameAs\":[\"https:\/\/www.facebook.com\/Sindmveis-Rio-577452512685151\/\"]}]}<\/script>\n<!-- \/ Yoast SEO plugin. -->","yoast_head_json":{"title":"Plataforma de Registros &#8226; SindMoveis-Rio","robots":{"index":"index","follow":"follow","max-snippet":"max-snippet:-1","max-image-preview":"max-image-preview:large","max-video-preview":"max-video-preview:-1"},"canonical":"https:\/\/www.sindmoveis-rio.org.br\/sis\/plataformaderegistros\/","og_locale":"pt_BR","og_type":"article","og_title":"Plataforma de Registros &#8226; SindMoveis-Rio","og_description":"Cobran\u00e7a Nova Plataforma de Boletos A nova plataforma da cobran\u00e7a registrada determinada pela Febraban \u00e9 um sistema para modernizar o processo de liquida\u00e7\u00e3o dos boletos banc\u00e1rios, que trazem mais controle e seguran\u00e7a a esse meio de pagamento, para garantir mais confiabilidade e comodidade aos usu\u00e1rios. Essa opera\u00e7\u00e3o passou a vigorar desde julho de 2017 n\u00e3o [&hellip;]","og_url":"https:\/\/www.sindmoveis-rio.org.br\/sis\/plataformaderegistros\/","og_site_name":"SindMoveis-Rio","article_publisher":"https:\/\/www.facebook.com\/Sindmveis-Rio-577452512685151\/","article_modified_time":"2019-05-06T17:47:36+00:00","og_image":[{"url":"https:\/\/www.sindmoveis-rio.org.br\/sis\/wp-content\/uploads\/2019\/05\/febraban.jpg","type":"","width":"","height":""}],"twitter_card":"summary_large_image","schema":{"@context":"https:\/\/schema.org","@graph":[{"@type":"WebPage","@id":"https:\/\/www.sindmoveis-rio.org.br\/sis\/plataformaderegistros\/","url":"https:\/\/www.sindmoveis-rio.org.br\/sis\/plataformaderegistros\/","name":"Plataforma de Registros &#8226; SindMoveis-Rio","isPartOf":{"@id":"https:\/\/www.sindmoveis-rio.org.br\/sis\/#website"},"primaryImageOfPage":{"@id":"https:\/\/www.sindmoveis-rio.org.br\/sis\/plataformaderegistros\/#primaryimage"},"image":{"@id":"https:\/\/www.sindmoveis-rio.org.br\/sis\/plataformaderegistros\/#primaryimage"},"thumbnailUrl":"https:\/\/www.sindmoveis-rio.org.br\/sis\/wp-content\/uploads\/2019\/05\/febraban.jpg","datePublished":"2019-05-06T17:44:14+00:00","dateModified":"2019-05-06T17:47:36+00:00","breadcrumb":{"@id":"https:\/\/www.sindmoveis-rio.org.br\/sis\/plataformaderegistros\/#breadcrumb"},"inLanguage":"pt-BR","potentialAction":[{"@type":"ReadAction","target":["https:\/\/www.sindmoveis-rio.org.br\/sis\/plataformaderegistros\/"]}]},{"@type":"ImageObject","inLanguage":"pt-BR","@id":"https:\/\/www.sindmoveis-rio.org.br\/sis\/plataformaderegistros\/#primaryimage","url":"https:\/\/www.sindmoveis-rio.org.br\/sis\/wp-content\/uploads\/2019\/05\/febraban.jpg","contentUrl":"https:\/\/www.sindmoveis-rio.org.br\/sis\/wp-content\/uploads\/2019\/05\/febraban.jpg","width":603,"height":476,"caption":"Nova Plataforma de Boletos Registrados"},{"@type":"BreadcrumbList","@id":"https:\/\/www.sindmoveis-rio.org.br\/sis\/plataformaderegistros\/#breadcrumb","itemListElement":[{"@type":"ListItem","position":1,"name":"Home","item":"https:\/\/www.sindmoveis-rio.org.br\/sis\/"},{"@type":"ListItem","position":2,"name":"Plataforma de Registros"}]},{"@type":"WebSite","@id":"https:\/\/www.sindmoveis-rio.org.br\/sis\/#website","url":"https:\/\/www.sindmoveis-rio.org.br\/sis\/","name":"SindMoveis-Rio","description":"Sindicato de M\u00f3veis e Decora\u00e7\u00f5es do Munic\u00edpio do Rio de Janeiro","publisher":{"@id":"https:\/\/www.sindmoveis-rio.org.br\/sis\/#organization"},"potentialAction":[{"@type":"SearchAction","target":{"@type":"EntryPoint","urlTemplate":"https:\/\/www.sindmoveis-rio.org.br\/sis\/?s={search_term_string}"},"query-input":{"@type":"PropertyValueSpecification","valueRequired":true,"valueName":"search_term_string"}}],"inLanguage":"pt-BR"},{"@type":"Organization","@id":"https:\/\/www.sindmoveis-rio.org.br\/sis\/#organization","name":"Sindm\u00f3veis Rio","url":"https:\/\/www.sindmoveis-rio.org.br\/sis\/","logo":{"@type":"ImageObject","inLanguage":"pt-BR","@id":"https:\/\/www.sindmoveis-rio.org.br\/sis\/#\/schema\/logo\/image\/","url":"https:\/\/www.sindmoveis-rio.org.br\/sis\/wp-content\/uploads\/2018\/12\/SindMoveis_logo_p.jpg","contentUrl":"https:\/\/www.sindmoveis-rio.org.br\/sis\/wp-content\/uploads\/2018\/12\/SindMoveis_logo_p.jpg","width":200,"height":46,"caption":"Sindm\u00f3veis Rio"},"image":{"@id":"https:\/\/www.sindmoveis-rio.org.br\/sis\/#\/schema\/logo\/image\/"},"sameAs":["https:\/\/www.facebook.com\/Sindmveis-Rio-577452512685151\/"]}]}},"_links":{"self":[{"href":"https:\/\/www.sindmoveis-rio.org.br\/sis\/wp-json\/wp\/v2\/pages\/525","targetHints":{"allow":["GET"]}}],"collection":[{"href":"https:\/\/www.sindmoveis-rio.org.br\/sis\/wp-json\/wp\/v2\/pages"}],"about":[{"href":"https:\/\/www.sindmoveis-rio.org.br\/sis\/wp-json\/wp\/v2\/types\/page"}],"author":[{"embeddable":true,"href":"https:\/\/www.sindmoveis-rio.org.br\/sis\/wp-json\/wp\/v2\/users\/1"}],"replies":[{"embeddable":true,"href":"https:\/\/www.sindmoveis-rio.org.br\/sis\/wp-json\/wp\/v2\/comments?post=525"}],"version-history":[{"count":3,"href":"https:\/\/www.sindmoveis-rio.org.br\/sis\/wp-json\/wp\/v2\/pages\/525\/revisions"}],"predecessor-version":[{"id":529,"href":"https:\/\/www.sindmoveis-rio.org.br\/sis\/wp-json\/wp\/v2\/pages\/525\/revisions\/529"}],"wp:attachment":[{"href":"https:\/\/www.sindmoveis-rio.org.br\/sis\/wp-json\/wp\/v2\/media?parent=525"}],"curies":[{"name":"wp","href":"https:\/\/api.w.org\/{rel}","templated":true}]}}