{"id":454,"date":"2019-05-02T23:31:06","date_gmt":"2019-05-03T02:31:06","guid":{"rendered":"https:\/\/www.sindmoveis-rio.org.br\/sis\/?page_id=454"},"modified":"2019-05-02T23:36:51","modified_gmt":"2019-05-03T02:36:51","slug":"legislacao","status":"publish","type":"page","link":"https:\/\/www.sindmoveis-rio.org.br\/sis\/legislacao\/","title":{"rendered":"Legisla\u00e7\u00e3o"},"content":{"rendered":"\t\t<div data-elementor-type=\"wp-post\" data-elementor-id=\"454\" class=\"elementor elementor-454\">\n\t\t\t\t\t\t<section class=\"elementor-section elementor-top-section elementor-element elementor-element-6c26b5d elementor-section-boxed elementor-section-height-default elementor-section-height-default\" data-id=\"6c26b5d\" data-element_type=\"section\" data-e-type=\"section\">\n\t\t\t\t\t\t<div class=\"elementor-container elementor-column-gap-default\">\n\t\t\t\t\t<div class=\"aux-parallax-section elementor-column elementor-col-100 elementor-top-column elementor-element elementor-element-c17258e\" data-id=\"c17258e\" data-element_type=\"column\" data-e-type=\"column\">\n\t\t\t<div class=\"elementor-widget-wrap elementor-element-populated\">\n\t\t\t\t\t\t<div class=\"elementor-element elementor-element-1db117c aux-appear-watch-animation aux-fade-in-right elementor-widget elementor-widget-aux_modern_heading\" data-id=\"1db117c\" data-element_type=\"widget\" data-e-type=\"widget\" data-widget_type=\"aux_modern_heading.default\">\n\t\t\t\t<div class=\"elementor-widget-container\">\n\t\t\t\t\t<section class=\"aux-widget-modern-heading\">\n            <div class=\"aux-widget-inner\"><h2 class=\"aux-modern-heading-primary\">Institui\u00e7\u00e3o \u2013 Altera\u00e7\u00e3o.<\/h2><h3 class=\"aux-modern-heading-secondary\"><span class=\"aux-head-before\">Lei n\u00ba 5.823\/14 - Rio de Janeiro\/RJ - Nota Fiscal de Servi\u00e7os Eletr\u00f4nica<\/span><\/h3><div class=\"aux-modern-heading-divider\"><\/div><\/div>\n        <\/section>\t\t\t\t<\/div>\n\t\t\t\t<\/div>\n\t\t\t\t<section class=\"elementor-section elementor-inner-section elementor-element elementor-element-03e7f69 elementor-section-boxed elementor-section-height-default elementor-section-height-default\" data-id=\"03e7f69\" data-element_type=\"section\" data-e-type=\"section\">\n\t\t\t\t\t\t<div class=\"elementor-container elementor-column-gap-default\">\n\t\t\t\t\t<div class=\"aux-parallax-section elementor-column elementor-col-100 elementor-inner-column elementor-element elementor-element-4e174f0\" data-id=\"4e174f0\" data-element_type=\"column\" data-e-type=\"column\">\n\t\t\t<div class=\"elementor-widget-wrap elementor-element-populated\">\n\t\t\t\t\t\t<div class=\"elementor-element elementor-element-a8d0c08 aux-appear-watch-animation aux-fade-in elementor-widget elementor-widget-aux_modern_heading\" data-id=\"a8d0c08\" data-element_type=\"widget\" data-e-type=\"widget\" data-widget_type=\"aux_modern_heading.default\">\n\t\t\t\t<div class=\"elementor-widget-container\">\n\t\t\t\t\t<section class=\"aux-widget-modern-heading\">\n            <div class=\"aux-widget-inner\"><h2 class=\"aux-modern-heading-primary\"><\/h2><div class=\"aux-modern-heading-description\"><p>Fazendo refer\u00eancia a Lei n\u00ba 5.823, de 16.12.2014 \u2013 DOM de 29.12.14, informamos:<\/p><p><b>O que houve?<\/b><\/p><p>Por meio da Lei n\u00ba 5.823\/14 foi alterado o art. 1\u00ba da Lei n\u00ba 5.098\/09 para dispor que a Nota<\/p><p>Fiscal Eletr\u00f4nica dever\u00e1 conter campos que permitam o registro do valor dos impostos que est\u00e3o sendo cobrados do contribuinte.<\/p><p>Lei n\u00ba 5.823, de 16.12.2014 \u2013 DOM de 29.12.2014<\/p><p>Altera o art. 1\u00ba da Lei n\u00ba 5.098\/2009 , que Institui a Nota Fiscal de Servi\u00e7os Eletr\u00f4nica.<\/p><\/div><\/div>\n        <\/section>\t\t\t\t<\/div>\n\t\t\t\t<\/div>\n\t\t\t\t\t<\/div>\n\t\t<\/div>\n\t\t\t\t\t<\/div>\n\t\t<\/section>\n\t\t\t\t<section class=\"elementor-section elementor-inner-section elementor-element elementor-element-c87cfde elementor-section-boxed elementor-section-height-default elementor-section-height-default\" data-id=\"c87cfde\" data-element_type=\"section\" data-e-type=\"section\">\n\t\t\t\t\t\t<div class=\"elementor-container elementor-column-gap-default\">\n\t\t\t\t\t<div class=\"aux-parallax-section elementor-column elementor-col-50 elementor-inner-column elementor-element elementor-element-f325354\" data-id=\"f325354\" data-element_type=\"column\" data-e-type=\"column\">\n\t\t\t<div class=\"elementor-widget-wrap elementor-element-populated\">\n\t\t\t\t\t\t<div class=\"aux-parallax-piece elementor-element elementor-element-64e5271 elementor-widget elementor-widget-aux_simple_svg\" data-parallax-origin=\"middle\" data-parallax-depth=\"0.07\" data-parallax-off=\"1024\" data-id=\"64e5271\" data-element_type=\"widget\" data-e-type=\"widget\" data-widget_type=\"aux_simple_svg.default\">\n\t\t\t\t<div class=\"elementor-widget-container\">\n\t\t\t\t\t    <div class=\"aux-widget-container aux-simple-svg-container\">\n        <div class=\"aux-widget-container-inner\">\n            <div class=\"aux-the-svg\"><img decoding=\"async\" src=\"https:\/\/www.sindmoveis-rio.org.br\/sis\/wp-content\/uploads\/2019\/05\/legislacao_int.jpg\" title=\"legislacao_int\" alt=\"legislacao_int\" loading=\"lazy\" \/><\/div>\n        <\/div>\n    <\/div>\n    \t\t\t\t<\/div>\n\t\t\t\t<\/div>\n\t\t\t\t\t<\/div>\n\t\t<\/div>\n\t\t\t\t<div class=\"aux-parallax-section elementor-column elementor-col-50 elementor-inner-column elementor-element elementor-element-1b01f42\" data-id=\"1b01f42\" data-element_type=\"column\" data-e-type=\"column\">\n\t\t\t<div class=\"elementor-widget-wrap elementor-element-populated\">\n\t\t\t\t\t\t<div class=\"elementor-element elementor-element-997a231 elementor-widget elementor-widget-text-editor\" data-id=\"997a231\" data-element_type=\"widget\" data-e-type=\"widget\" data-widget_type=\"text-editor.default\">\n\t\t\t\t<div class=\"elementor-widget-container\">\n\t\t\t\t\t\t\t\t\t<p>O Presidente da C\u00e2mara Municipal do Rio de Janeiro nos termos do art. 79, \u00a7 7\u00ba, da Lei Org\u00e2nica do Munic\u00edpio do Rio de Janeiro, de 5 de abril de 1990, n\u00e3o exercida a disposi\u00e7\u00e3o do \u00a7 5\u00ba do artigo acima, promulga a Lei n\u00ba 5.823 , de 16 de dezembro de 2014, oriunda do Projeto de Lei n\u00ba 162, de 2013, de autoria do Senhor Vereador \u00c1tila A. Nunes.<\/p><p><b>Art. 1<\/b>\u00ba Fica alterado o art. 1\u00ba da Lei n\u00ba 5.098 , de 15 de outubro de 2009, que passa a vigorar com a seguinte reda\u00e7\u00e3o:<\/p><p>&#8220;<b>Art. 1<\/b>\u00ba (&#8230;..)<\/p><p>Par\u00e1grafo \u00fanico. A Nota Fiscal Eletr\u00f4nica dever\u00e1 conter campos que permitam o registro do valor dos impostos que est\u00e3o sendo cobrados do contribuinte, em atendimento ao preceituado na Lei Federal n\u00ba 12.741, de 8 de dezembro de 2012. (NR)&#8221;<\/p><p><b>Art. 2<\/b>\u00ba Esta Lei entra em vigor na data de sua publica\u00e7\u00e3o.<\/p><p>\u00a0<\/p><p>C\u00e2mara Municipal do Rio de Janeiro, 16 de dezembro de 2014.<\/p><p>Vereador\u00a0<b>JORGE FELIPPE<\/b><\/p><p>Presidente<\/p>\t\t\t\t\t\t\t\t<\/div>\n\t\t\t\t<\/div>\n\t\t\t\t\t<\/div>\n\t\t<\/div>\n\t\t\t\t\t<\/div>\n\t\t<\/section>\n\t\t\t\t\t<\/div>\n\t\t<\/div>\n\t\t\t\t\t<\/div>\n\t\t<\/section>\n\t\t\t\t<\/div>\n\t\t","protected":false},"excerpt":{"rendered":"<p>Institui\u00e7\u00e3o \u2013 Altera\u00e7\u00e3o. Lei n\u00ba 5.823\/14 &#8211; Rio de Janeiro\/RJ &#8211; Nota Fiscal de Servi\u00e7os Eletr\u00f4nica Fazendo refer\u00eancia a Lei n\u00ba 5.823, de 16.12.2014 \u2013 DOM de 29.12.14, informamos: O que houve? Por meio da Lei n\u00ba 5.823\/14 foi alterado o art. 1\u00ba da Lei n\u00ba 5.098\/09 para dispor que a Nota Fiscal Eletr\u00f4nica dever\u00e1 [&hellip;]<\/p>\n","protected":false},"author":1,"featured_media":0,"parent":0,"menu_order":0,"comment_status":"closed","ping_status":"closed","template":"","meta":{"footnotes":""},"class_list":["post-454","page","type-page","status-publish","hentry"],"yoast_head":"<!-- This site is optimized with the Yoast SEO plugin v27.1.1 - https:\/\/yoast.com\/product\/yoast-seo-wordpress\/ -->\n<title>Legisla\u00e7\u00e3o &#8226; SindMoveis-Rio<\/title>\n<meta name=\"robots\" content=\"index, follow, max-snippet:-1, max-image-preview:large, max-video-preview:-1\" \/>\n<link rel=\"canonical\" href=\"https:\/\/www.sindmoveis-rio.org.br\/sis\/legislacao\/\" \/>\n<meta property=\"og:locale\" content=\"pt_BR\" \/>\n<meta property=\"og:type\" content=\"article\" \/>\n<meta property=\"og:title\" content=\"Legisla\u00e7\u00e3o &#8226; SindMoveis-Rio\" \/>\n<meta property=\"og:description\" content=\"Institui\u00e7\u00e3o \u2013 Altera\u00e7\u00e3o. Lei n\u00ba 5.823\/14 &#8211; Rio de Janeiro\/RJ &#8211; Nota Fiscal de Servi\u00e7os Eletr\u00f4nica Fazendo refer\u00eancia a Lei n\u00ba 5.823, de 16.12.2014 \u2013 DOM de 29.12.14, informamos: O que houve? Por meio da Lei n\u00ba 5.823\/14 foi alterado o art. 1\u00ba da Lei n\u00ba 5.098\/09 para dispor que a Nota Fiscal Eletr\u00f4nica dever\u00e1 [&hellip;]\" \/>\n<meta property=\"og:url\" content=\"https:\/\/www.sindmoveis-rio.org.br\/sis\/legislacao\/\" \/>\n<meta property=\"og:site_name\" content=\"SindMoveis-Rio\" \/>\n<meta property=\"article:publisher\" content=\"https:\/\/www.facebook.com\/Sindmveis-Rio-577452512685151\/\" \/>\n<meta property=\"article:modified_time\" content=\"2019-05-03T02:36:51+00:00\" \/>\n<meta property=\"og:image\" content=\"https:\/\/www.sindmoveis-rio.org.br\/sis\/wp-content\/uploads\/2019\/05\/legislacao_int.jpg\" \/>\n<meta name=\"twitter:card\" content=\"summary_large_image\" \/>\n<script type=\"application\/ld+json\" class=\"yoast-schema-graph\">{\"@context\":\"https:\/\/schema.org\",\"@graph\":[{\"@type\":\"WebPage\",\"@id\":\"https:\/\/www.sindmoveis-rio.org.br\/sis\/legislacao\/\",\"url\":\"https:\/\/www.sindmoveis-rio.org.br\/sis\/legislacao\/\",\"name\":\"Legisla\u00e7\u00e3o &#8226; SindMoveis-Rio\",\"isPartOf\":{\"@id\":\"https:\/\/www.sindmoveis-rio.org.br\/sis\/#website\"},\"primaryImageOfPage\":{\"@id\":\"https:\/\/www.sindmoveis-rio.org.br\/sis\/legislacao\/#primaryimage\"},\"image\":{\"@id\":\"https:\/\/www.sindmoveis-rio.org.br\/sis\/legislacao\/#primaryimage\"},\"thumbnailUrl\":\"https:\/\/www.sindmoveis-rio.org.br\/sis\/wp-content\/uploads\/2019\/05\/legislacao_int.jpg\",\"datePublished\":\"2019-05-03T02:31:06+00:00\",\"dateModified\":\"2019-05-03T02:36:51+00:00\",\"breadcrumb\":{\"@id\":\"https:\/\/www.sindmoveis-rio.org.br\/sis\/legislacao\/#breadcrumb\"},\"inLanguage\":\"pt-BR\",\"potentialAction\":[{\"@type\":\"ReadAction\",\"target\":[\"https:\/\/www.sindmoveis-rio.org.br\/sis\/legislacao\/\"]}]},{\"@type\":\"ImageObject\",\"inLanguage\":\"pt-BR\",\"@id\":\"https:\/\/www.sindmoveis-rio.org.br\/sis\/legislacao\/#primaryimage\",\"url\":\"https:\/\/www.sindmoveis-rio.org.br\/sis\/wp-content\/uploads\/2019\/05\/legislacao_int.jpg\",\"contentUrl\":\"https:\/\/www.sindmoveis-rio.org.br\/sis\/wp-content\/uploads\/2019\/05\/legislacao_int.jpg\",\"width\":759,\"height\":629},{\"@type\":\"BreadcrumbList\",\"@id\":\"https:\/\/www.sindmoveis-rio.org.br\/sis\/legislacao\/#breadcrumb\",\"itemListElement\":[{\"@type\":\"ListItem\",\"position\":1,\"name\":\"Home\",\"item\":\"https:\/\/www.sindmoveis-rio.org.br\/sis\/\"},{\"@type\":\"ListItem\",\"position\":2,\"name\":\"Legisla\u00e7\u00e3o\"}]},{\"@type\":\"WebSite\",\"@id\":\"https:\/\/www.sindmoveis-rio.org.br\/sis\/#website\",\"url\":\"https:\/\/www.sindmoveis-rio.org.br\/sis\/\",\"name\":\"SindMoveis-Rio\",\"description\":\"Sindicato de M\u00f3veis e Decora\u00e7\u00f5es do Munic\u00edpio do Rio de Janeiro\",\"publisher\":{\"@id\":\"https:\/\/www.sindmoveis-rio.org.br\/sis\/#organization\"},\"potentialAction\":[{\"@type\":\"SearchAction\",\"target\":{\"@type\":\"EntryPoint\",\"urlTemplate\":\"https:\/\/www.sindmoveis-rio.org.br\/sis\/?s={search_term_string}\"},\"query-input\":{\"@type\":\"PropertyValueSpecification\",\"valueRequired\":true,\"valueName\":\"search_term_string\"}}],\"inLanguage\":\"pt-BR\"},{\"@type\":\"Organization\",\"@id\":\"https:\/\/www.sindmoveis-rio.org.br\/sis\/#organization\",\"name\":\"Sindm\u00f3veis Rio\",\"url\":\"https:\/\/www.sindmoveis-rio.org.br\/sis\/\",\"logo\":{\"@type\":\"ImageObject\",\"inLanguage\":\"pt-BR\",\"@id\":\"https:\/\/www.sindmoveis-rio.org.br\/sis\/#\/schema\/logo\/image\/\",\"url\":\"https:\/\/www.sindmoveis-rio.org.br\/sis\/wp-content\/uploads\/2018\/12\/SindMoveis_logo_p.jpg\",\"contentUrl\":\"https:\/\/www.sindmoveis-rio.org.br\/sis\/wp-content\/uploads\/2018\/12\/SindMoveis_logo_p.jpg\",\"width\":200,\"height\":46,\"caption\":\"Sindm\u00f3veis Rio\"},\"image\":{\"@id\":\"https:\/\/www.sindmoveis-rio.org.br\/sis\/#\/schema\/logo\/image\/\"},\"sameAs\":[\"https:\/\/www.facebook.com\/Sindmveis-Rio-577452512685151\/\"]}]}<\/script>\n<!-- \/ Yoast SEO plugin. -->","yoast_head_json":{"title":"Legisla\u00e7\u00e3o &#8226; SindMoveis-Rio","robots":{"index":"index","follow":"follow","max-snippet":"max-snippet:-1","max-image-preview":"max-image-preview:large","max-video-preview":"max-video-preview:-1"},"canonical":"https:\/\/www.sindmoveis-rio.org.br\/sis\/legislacao\/","og_locale":"pt_BR","og_type":"article","og_title":"Legisla\u00e7\u00e3o &#8226; SindMoveis-Rio","og_description":"Institui\u00e7\u00e3o \u2013 Altera\u00e7\u00e3o. Lei n\u00ba 5.823\/14 &#8211; Rio de Janeiro\/RJ &#8211; Nota Fiscal de Servi\u00e7os Eletr\u00f4nica Fazendo refer\u00eancia a Lei n\u00ba 5.823, de 16.12.2014 \u2013 DOM de 29.12.14, informamos: O que houve? Por meio da Lei n\u00ba 5.823\/14 foi alterado o art. 1\u00ba da Lei n\u00ba 5.098\/09 para dispor que a Nota Fiscal Eletr\u00f4nica dever\u00e1 [&hellip;]","og_url":"https:\/\/www.sindmoveis-rio.org.br\/sis\/legislacao\/","og_site_name":"SindMoveis-Rio","article_publisher":"https:\/\/www.facebook.com\/Sindmveis-Rio-577452512685151\/","article_modified_time":"2019-05-03T02:36:51+00:00","og_image":[{"url":"https:\/\/www.sindmoveis-rio.org.br\/sis\/wp-content\/uploads\/2019\/05\/legislacao_int.jpg","type":"","width":"","height":""}],"twitter_card":"summary_large_image","schema":{"@context":"https:\/\/schema.org","@graph":[{"@type":"WebPage","@id":"https:\/\/www.sindmoveis-rio.org.br\/sis\/legislacao\/","url":"https:\/\/www.sindmoveis-rio.org.br\/sis\/legislacao\/","name":"Legisla\u00e7\u00e3o &#8226; SindMoveis-Rio","isPartOf":{"@id":"https:\/\/www.sindmoveis-rio.org.br\/sis\/#website"},"primaryImageOfPage":{"@id":"https:\/\/www.sindmoveis-rio.org.br\/sis\/legislacao\/#primaryimage"},"image":{"@id":"https:\/\/www.sindmoveis-rio.org.br\/sis\/legislacao\/#primaryimage"},"thumbnailUrl":"https:\/\/www.sindmoveis-rio.org.br\/sis\/wp-content\/uploads\/2019\/05\/legislacao_int.jpg","datePublished":"2019-05-03T02:31:06+00:00","dateModified":"2019-05-03T02:36:51+00:00","breadcrumb":{"@id":"https:\/\/www.sindmoveis-rio.org.br\/sis\/legislacao\/#breadcrumb"},"inLanguage":"pt-BR","potentialAction":[{"@type":"ReadAction","target":["https:\/\/www.sindmoveis-rio.org.br\/sis\/legislacao\/"]}]},{"@type":"ImageObject","inLanguage":"pt-BR","@id":"https:\/\/www.sindmoveis-rio.org.br\/sis\/legislacao\/#primaryimage","url":"https:\/\/www.sindmoveis-rio.org.br\/sis\/wp-content\/uploads\/2019\/05\/legislacao_int.jpg","contentUrl":"https:\/\/www.sindmoveis-rio.org.br\/sis\/wp-content\/uploads\/2019\/05\/legislacao_int.jpg","width":759,"height":629},{"@type":"BreadcrumbList","@id":"https:\/\/www.sindmoveis-rio.org.br\/sis\/legislacao\/#breadcrumb","itemListElement":[{"@type":"ListItem","position":1,"name":"Home","item":"https:\/\/www.sindmoveis-rio.org.br\/sis\/"},{"@type":"ListItem","position":2,"name":"Legisla\u00e7\u00e3o"}]},{"@type":"WebSite","@id":"https:\/\/www.sindmoveis-rio.org.br\/sis\/#website","url":"https:\/\/www.sindmoveis-rio.org.br\/sis\/","name":"SindMoveis-Rio","description":"Sindicato de M\u00f3veis e Decora\u00e7\u00f5es do Munic\u00edpio do Rio de Janeiro","publisher":{"@id":"https:\/\/www.sindmoveis-rio.org.br\/sis\/#organization"},"potentialAction":[{"@type":"SearchAction","target":{"@type":"EntryPoint","urlTemplate":"https:\/\/www.sindmoveis-rio.org.br\/sis\/?s={search_term_string}"},"query-input":{"@type":"PropertyValueSpecification","valueRequired":true,"valueName":"search_term_string"}}],"inLanguage":"pt-BR"},{"@type":"Organization","@id":"https:\/\/www.sindmoveis-rio.org.br\/sis\/#organization","name":"Sindm\u00f3veis Rio","url":"https:\/\/www.sindmoveis-rio.org.br\/sis\/","logo":{"@type":"ImageObject","inLanguage":"pt-BR","@id":"https:\/\/www.sindmoveis-rio.org.br\/sis\/#\/schema\/logo\/image\/","url":"https:\/\/www.sindmoveis-rio.org.br\/sis\/wp-content\/uploads\/2018\/12\/SindMoveis_logo_p.jpg","contentUrl":"https:\/\/www.sindmoveis-rio.org.br\/sis\/wp-content\/uploads\/2018\/12\/SindMoveis_logo_p.jpg","width":200,"height":46,"caption":"Sindm\u00f3veis Rio"},"image":{"@id":"https:\/\/www.sindmoveis-rio.org.br\/sis\/#\/schema\/logo\/image\/"},"sameAs":["https:\/\/www.facebook.com\/Sindmveis-Rio-577452512685151\/"]}]}},"_links":{"self":[{"href":"https:\/\/www.sindmoveis-rio.org.br\/sis\/wp-json\/wp\/v2\/pages\/454","targetHints":{"allow":["GET"]}}],"collection":[{"href":"https:\/\/www.sindmoveis-rio.org.br\/sis\/wp-json\/wp\/v2\/pages"}],"about":[{"href":"https:\/\/www.sindmoveis-rio.org.br\/sis\/wp-json\/wp\/v2\/types\/page"}],"author":[{"embeddable":true,"href":"https:\/\/www.sindmoveis-rio.org.br\/sis\/wp-json\/wp\/v2\/users\/1"}],"replies":[{"embeddable":true,"href":"https:\/\/www.sindmoveis-rio.org.br\/sis\/wp-json\/wp\/v2\/comments?post=454"}],"version-history":[{"count":5,"href":"https:\/\/www.sindmoveis-rio.org.br\/sis\/wp-json\/wp\/v2\/pages\/454\/revisions"}],"predecessor-version":[{"id":462,"href":"https:\/\/www.sindmoveis-rio.org.br\/sis\/wp-json\/wp\/v2\/pages\/454\/revisions\/462"}],"wp:attachment":[{"href":"https:\/\/www.sindmoveis-rio.org.br\/sis\/wp-json\/wp\/v2\/media?parent=454"}],"curies":[{"name":"wp","href":"https:\/\/api.w.org\/{rel}","templated":true}]}}