{"id":416,"date":"2019-05-02T22:31:37","date_gmt":"2019-05-03T01:31:37","guid":{"rendered":"https:\/\/www.sindmoveis-rio.org.br\/sis\/?page_id=416"},"modified":"2019-05-22T16:46:29","modified_gmt":"2019-05-22T19:46:29","slug":"esclarecimentos-acerca-da-cobranca-da-contribuicao-sindical-assistencial-e-confederativa","status":"publish","type":"page","link":"https:\/\/www.sindmoveis-rio.org.br\/sis\/esclarecimentos-acerca-da-cobranca-da-contribuicao-sindical-assistencial-e-confederativa\/","title":{"rendered":"Esclarecimentos acerca da cobran\u00e7a da contribui\u00e7\u00e3o sindical, assistencial e confederativa"},"content":{"rendered":"\t\t<div data-elementor-type=\"wp-post\" data-elementor-id=\"416\" class=\"elementor elementor-416\">\n\t\t\t\t\t\t<section class=\"elementor-section elementor-top-section elementor-element elementor-element-6c26b5d elementor-section-boxed elementor-section-height-default elementor-section-height-default\" data-id=\"6c26b5d\" data-element_type=\"section\" data-e-type=\"section\">\n\t\t\t\t\t\t<div class=\"elementor-container elementor-column-gap-default\">\n\t\t\t\t\t<div class=\"aux-parallax-section elementor-column elementor-col-100 elementor-top-column elementor-element elementor-element-c17258e\" data-id=\"c17258e\" data-element_type=\"column\" data-e-type=\"column\">\n\t\t\t<div class=\"elementor-widget-wrap elementor-element-populated\">\n\t\t\t\t\t\t<div class=\"elementor-element elementor-element-1db117c aux-appear-watch-animation aux-fade-in-right elementor-widget elementor-widget-aux_modern_heading\" data-id=\"1db117c\" data-element_type=\"widget\" data-e-type=\"widget\" data-widget_type=\"aux_modern_heading.default\">\n\t\t\t\t<div class=\"elementor-widget-container\">\n\t\t\t\t\t<section class=\"aux-widget-modern-heading\">\n            <div class=\"aux-widget-inner\"><a href=\"http:\/\/www.leonardopessoa.adv.br\" class=\"aux-modern-heading-primary-link\"><h2 class=\"aux-modern-heading-primary\">Contribui\u00e7\u00e3o Sindical, Assistencial e Confederativa <\/h2><\/a><div class=\"aux-modern-heading-divider\"><\/div><h3 class=\"aux-modern-heading-secondary\"><span class=\"aux-head-before\">Ao SINDICATO DO COMERCIO VAREJISTA DE MOVEIS E DECORACOES DO MUNICIPIO DO RIO DE JANEIRO<\/span><\/h3><\/div>\n        <\/section>\t\t\t\t<\/div>\n\t\t\t\t<\/div>\n\t\t\t\t<div class=\"elementor-element elementor-element-3dd7156 elementor-widget elementor-widget-text-editor\" data-id=\"3dd7156\" data-element_type=\"widget\" data-e-type=\"widget\" data-widget_type=\"text-editor.default\">\n\t\t\t\t<div class=\"elementor-widget-container\">\n\t\t\t\t\t\t\t\t\t<p>Av. Rio Branco, 135, Sala 1015\/1016 &#8211; Centro &#8211; Rio de Janeiro &#8211; RJ.<\/p><p>CEP: 20.031-010,<\/p>\t\t\t\t\t\t\t\t<\/div>\n\t\t\t\t<\/div>\n\t\t\t\t<section class=\"elementor-section elementor-inner-section elementor-element elementor-element-03e7f69 elementor-section-boxed elementor-section-height-default elementor-section-height-default\" data-id=\"03e7f69\" data-element_type=\"section\" data-e-type=\"section\">\n\t\t\t\t\t\t<div class=\"elementor-container elementor-column-gap-default\">\n\t\t\t\t\t<div class=\"aux-parallax-section elementor-column elementor-col-100 elementor-inner-column elementor-element elementor-element-4e174f0\" data-id=\"4e174f0\" data-element_type=\"column\" data-e-type=\"column\">\n\t\t\t<div class=\"elementor-widget-wrap elementor-element-populated\">\n\t\t\t\t\t\t<div class=\"elementor-element elementor-element-588a7d2 elementor-widget elementor-widget-text-editor\" data-id=\"588a7d2\" data-element_type=\"widget\" data-e-type=\"widget\" data-widget_type=\"text-editor.default\">\n\t\t\t\t<div class=\"elementor-widget-container\">\n\t\t\t\t\t\t\t\t\t<p>Acusamos o recebimento de e-mail solicitando informa\u00e7\u00f5es acerca da cobran\u00e7a da contribui\u00e7\u00e3o sindical, assistencial e confederativa. Sobre a quest\u00e3o temos a esclarecer:<\/p><p>A <strong>contribui\u00e7\u00e3o sindical<\/strong> sempre teve seu car\u00e1ter compuls\u00f3rio, ocorrendo \u00e0 modifica\u00e7\u00e3o de seu status apenas com a lei 13.467 de 13 de julho de 2017 que passou a vigorar em 11 de dezembro do mesmo ano, passando assim a ser facultativa, entretanto, para a atua\u00e7\u00e3o dos Sindicatos nas searas necess\u00e1rias, em prol de toda a categoria econ\u00f4mica, h\u00e1 que se atentar na din\u00e2mica de participa\u00e7\u00e3o efetiva de seus representados, haja vista o custo operacional de toda a organiza\u00e7\u00e3o. Explicamos:<\/p><p>A organiza\u00e7\u00e3o sindical n\u00e3o \u00e9 destinada apenas ao atendimento dos interesses de seus associados, cabe a entidade <strong><u>priorizar a tutela do interesse de toda a sua categoria<\/u><\/strong>, esta quest\u00e3o, fica bem ilustrada quando ocorre a data base, momento em que o Sindicato negocia e participa compulsoriamente das negocia\u00e7\u00f5es coletivas, firmando instrumentos normativos em prol de todos os seus representados, leia-se: associados ou n\u00e3o.<\/p><p>Acrescente-se ainda, dentro da estrutura da Entidade Sindical, a participa\u00e7\u00e3o ativa durante os processos legislativos de interesse da Categoria, haja vista que as Organiza\u00e7\u00f5es Sindicais t\u00eam maior defer\u00eancia junto ao Congresso Nacional. \u00c9 sabido que h\u00e1 que se aliar \u00e0 fun\u00e7\u00e3o de representa\u00e7\u00e3o a fun\u00e7\u00e3o pol\u00edtica, que n\u00e3o se confunde, em nenhum momento com uma atua\u00e7\u00e3o partid\u00e1ria, entretanto, a necessidade de se utilizar todas as formas pol\u00edticas para poder contribuir com as mudan\u00e7as necess\u00e1rias e de interesse do nosso segmento.<\/p><p>Este custo operacional \u00e9 bem extenso, o que faz esgotar, conseq\u00fcentemente, toda a reserva financeira inerente \u00e0 contribui\u00e7\u00e3o sindical, momento em que nasce a <strong>contribui\u00e7\u00e3o assistencial<\/strong> por for\u00e7a de assembl\u00e9ia, \u00d3rg\u00e3o m\u00e1ximo de delibera\u00e7\u00e3o da entidade sindical, materializada nas Conven\u00e7\u00f5es Coletivas de Trabalho, que somente \u00e9\u00a0 descontada do filiado ao Sindicato.<\/p><p>Com este novo recurso, a entidade passa a priorizar a especializa\u00e7\u00e3o e capacita\u00e7\u00e3o de seus representados, fornecendo os mais variados cursos, al\u00e9m de palestras que contemplam variados temas, acolhendo tanto a parte administrativa quanto a profissional, orienta\u00e7\u00f5es que trazem esclarecimentos \u00e0 categoria quanto as legisla\u00e7\u00f5es vigentes e as novas condutas especificas da nossa atividade comercial, colocando \u00e0 disposi\u00e7\u00e3o de todos, profissionais, igualmente capacitados.<\/p><p>J\u00e1 a <strong>contribui\u00e7\u00e3o confederativa<\/strong>, nasce de disposi\u00e7\u00f5es contidas na Constitui\u00e7\u00e3o e tem por fim refor\u00e7ar a atua\u00e7\u00e3o da categoria, atrav\u00e9s de estudos de projetos de lei de todas as esferas de governo, enfatizando as normas de direito trabalhista e tribut\u00e1rio que impacta diretamente na vida financeira da nossa categoria patronal.<\/p><p>E \u00e9 justamente esta din\u00e2mica de participa\u00e7\u00e3o, na defesa dos interesses da categoria econ\u00f4mica, que se requer fontes de financiamento efetivas a fim de que se arque com as despesas relativas aos honor\u00e1rios advocat\u00edcios dos profissionais envolvidos nos tramites judiciais e extrajudiciais, necess\u00e1rios ao desenvolvimento anual e regular dos atos, por isso, <strong><u>a necessidade da consci\u00eancia do patronato quando da op\u00e7\u00e3o ao recolhimento da contribui\u00e7\u00e3o em quest\u00e3o.<\/u><\/strong><\/p><p>Por isso, se faz necess\u00e1rio a consci\u00eancia dos associados e seus representados no momento da op\u00e7\u00e3o ao recolhimento das contribui\u00e7\u00f5es em quest\u00e3o, contamos com essa parceria para o regular desenvolvimento do Sindicato em prol da categoria patronal.<\/p><p>\u00c9 o que temos a esclarecer at\u00e9 o momento. Smj.<\/p><p>Atenciosamente.<\/p><p>Carlos Am\u00e9rico de Freitas Monteiro Pinho<\/p><p>OAB\/RJ 137.585<\/p>\t\t\t\t\t\t\t\t<\/div>\n\t\t\t\t<\/div>\n\t\t\t\t\t<\/div>\n\t\t<\/div>\n\t\t\t\t\t<\/div>\n\t\t<\/section>\n\t\t\t\t\t<\/div>\n\t\t<\/div>\n\t\t\t\t\t<\/div>\n\t\t<\/section>\n\t\t\t\t<\/div>\n\t\t","protected":false},"excerpt":{"rendered":"<p>Contribui\u00e7\u00e3o Sindical, Assistencial e Confederativa Ao SINDICATO DO COMERCIO VAREJISTA DE MOVEIS E DECORACOES DO MUNICIPIO DO RIO DE JANEIRO Av. Rio Branco, 135, Sala 1015\/1016 &#8211; Centro &#8211; Rio de Janeiro &#8211; RJ. CEP: 20.031-010, Acusamos o recebimento de e-mail solicitando informa\u00e7\u00f5es acerca da cobran\u00e7a da contribui\u00e7\u00e3o sindical, assistencial e confederativa. Sobre a quest\u00e3o [&hellip;]<\/p>\n","protected":false},"author":1,"featured_media":0,"parent":0,"menu_order":0,"comment_status":"closed","ping_status":"closed","template":"","meta":{"footnotes":""},"class_list":["post-416","page","type-page","status-publish","hentry"],"yoast_head":"<!-- This site is optimized with the Yoast SEO plugin v27.1.1 - https:\/\/yoast.com\/product\/yoast-seo-wordpress\/ -->\n<title>Esclarecimentos acerca da cobran\u00e7a da contribui\u00e7\u00e3o sindical, assistencial e confederativa &#8226; SindMoveis-Rio<\/title>\n<meta name=\"robots\" content=\"index, follow, max-snippet:-1, max-image-preview:large, max-video-preview:-1\" \/>\n<link rel=\"canonical\" href=\"https:\/\/www.sindmoveis-rio.org.br\/sis\/esclarecimentos-acerca-da-cobranca-da-contribuicao-sindical-assistencial-e-confederativa\/\" \/>\n<meta property=\"og:locale\" content=\"pt_BR\" \/>\n<meta property=\"og:type\" content=\"article\" \/>\n<meta property=\"og:title\" content=\"Esclarecimentos acerca da cobran\u00e7a da contribui\u00e7\u00e3o sindical, assistencial e confederativa &#8226; SindMoveis-Rio\" \/>\n<meta property=\"og:description\" content=\"Contribui\u00e7\u00e3o Sindical, Assistencial e Confederativa Ao SINDICATO DO COMERCIO VAREJISTA DE MOVEIS E DECORACOES DO MUNICIPIO DO RIO DE JANEIRO Av. Rio Branco, 135, Sala 1015\/1016 &#8211; Centro &#8211; Rio de Janeiro &#8211; RJ. CEP: 20.031-010, Acusamos o recebimento de e-mail solicitando informa\u00e7\u00f5es acerca da cobran\u00e7a da contribui\u00e7\u00e3o sindical, assistencial e confederativa. Sobre a quest\u00e3o [&hellip;]\" \/>\n<meta property=\"og:url\" content=\"https:\/\/www.sindmoveis-rio.org.br\/sis\/esclarecimentos-acerca-da-cobranca-da-contribuicao-sindical-assistencial-e-confederativa\/\" \/>\n<meta property=\"og:site_name\" content=\"SindMoveis-Rio\" \/>\n<meta property=\"article:publisher\" content=\"https:\/\/www.facebook.com\/Sindmveis-Rio-577452512685151\/\" \/>\n<meta property=\"article:modified_time\" content=\"2019-05-22T19:46:29+00:00\" \/>\n<meta name=\"twitter:card\" content=\"summary_large_image\" \/>\n<script type=\"application\/ld+json\" class=\"yoast-schema-graph\">{\"@context\":\"https:\/\/schema.org\",\"@graph\":[{\"@type\":\"WebPage\",\"@id\":\"https:\/\/www.sindmoveis-rio.org.br\/sis\/esclarecimentos-acerca-da-cobranca-da-contribuicao-sindical-assistencial-e-confederativa\/\",\"url\":\"https:\/\/www.sindmoveis-rio.org.br\/sis\/esclarecimentos-acerca-da-cobranca-da-contribuicao-sindical-assistencial-e-confederativa\/\",\"name\":\"Esclarecimentos acerca da cobran\u00e7a da contribui\u00e7\u00e3o sindical, assistencial e confederativa &#8226; SindMoveis-Rio\",\"isPartOf\":{\"@id\":\"https:\/\/www.sindmoveis-rio.org.br\/sis\/#website\"},\"datePublished\":\"2019-05-03T01:31:37+00:00\",\"dateModified\":\"2019-05-22T19:46:29+00:00\",\"breadcrumb\":{\"@id\":\"https:\/\/www.sindmoveis-rio.org.br\/sis\/esclarecimentos-acerca-da-cobranca-da-contribuicao-sindical-assistencial-e-confederativa\/#breadcrumb\"},\"inLanguage\":\"pt-BR\",\"potentialAction\":[{\"@type\":\"ReadAction\",\"target\":[\"https:\/\/www.sindmoveis-rio.org.br\/sis\/esclarecimentos-acerca-da-cobranca-da-contribuicao-sindical-assistencial-e-confederativa\/\"]}]},{\"@type\":\"BreadcrumbList\",\"@id\":\"https:\/\/www.sindmoveis-rio.org.br\/sis\/esclarecimentos-acerca-da-cobranca-da-contribuicao-sindical-assistencial-e-confederativa\/#breadcrumb\",\"itemListElement\":[{\"@type\":\"ListItem\",\"position\":1,\"name\":\"Home\",\"item\":\"https:\/\/www.sindmoveis-rio.org.br\/sis\/\"},{\"@type\":\"ListItem\",\"position\":2,\"name\":\"Esclarecimentos acerca da cobran\u00e7a da contribui\u00e7\u00e3o sindical, assistencial e confederativa\"}]},{\"@type\":\"WebSite\",\"@id\":\"https:\/\/www.sindmoveis-rio.org.br\/sis\/#website\",\"url\":\"https:\/\/www.sindmoveis-rio.org.br\/sis\/\",\"name\":\"SindMoveis-Rio\",\"description\":\"Sindicato de M\u00f3veis e Decora\u00e7\u00f5es do Munic\u00edpio do Rio de Janeiro\",\"publisher\":{\"@id\":\"https:\/\/www.sindmoveis-rio.org.br\/sis\/#organization\"},\"potentialAction\":[{\"@type\":\"SearchAction\",\"target\":{\"@type\":\"EntryPoint\",\"urlTemplate\":\"https:\/\/www.sindmoveis-rio.org.br\/sis\/?s={search_term_string}\"},\"query-input\":{\"@type\":\"PropertyValueSpecification\",\"valueRequired\":true,\"valueName\":\"search_term_string\"}}],\"inLanguage\":\"pt-BR\"},{\"@type\":\"Organization\",\"@id\":\"https:\/\/www.sindmoveis-rio.org.br\/sis\/#organization\",\"name\":\"Sindm\u00f3veis Rio\",\"url\":\"https:\/\/www.sindmoveis-rio.org.br\/sis\/\",\"logo\":{\"@type\":\"ImageObject\",\"inLanguage\":\"pt-BR\",\"@id\":\"https:\/\/www.sindmoveis-rio.org.br\/sis\/#\/schema\/logo\/image\/\",\"url\":\"https:\/\/www.sindmoveis-rio.org.br\/sis\/wp-content\/uploads\/2018\/12\/SindMoveis_logo_p.jpg\",\"contentUrl\":\"https:\/\/www.sindmoveis-rio.org.br\/sis\/wp-content\/uploads\/2018\/12\/SindMoveis_logo_p.jpg\",\"width\":200,\"height\":46,\"caption\":\"Sindm\u00f3veis Rio\"},\"image\":{\"@id\":\"https:\/\/www.sindmoveis-rio.org.br\/sis\/#\/schema\/logo\/image\/\"},\"sameAs\":[\"https:\/\/www.facebook.com\/Sindmveis-Rio-577452512685151\/\"]}]}<\/script>\n<!-- \/ Yoast SEO plugin. -->","yoast_head_json":{"title":"Esclarecimentos acerca da cobran\u00e7a da contribui\u00e7\u00e3o sindical, assistencial e confederativa &#8226; SindMoveis-Rio","robots":{"index":"index","follow":"follow","max-snippet":"max-snippet:-1","max-image-preview":"max-image-preview:large","max-video-preview":"max-video-preview:-1"},"canonical":"https:\/\/www.sindmoveis-rio.org.br\/sis\/esclarecimentos-acerca-da-cobranca-da-contribuicao-sindical-assistencial-e-confederativa\/","og_locale":"pt_BR","og_type":"article","og_title":"Esclarecimentos acerca da cobran\u00e7a da contribui\u00e7\u00e3o sindical, assistencial e confederativa &#8226; SindMoveis-Rio","og_description":"Contribui\u00e7\u00e3o Sindical, Assistencial e Confederativa Ao SINDICATO DO COMERCIO VAREJISTA DE MOVEIS E DECORACOES DO MUNICIPIO DO RIO DE JANEIRO Av. Rio Branco, 135, Sala 1015\/1016 &#8211; Centro &#8211; Rio de Janeiro &#8211; RJ. CEP: 20.031-010, Acusamos o recebimento de e-mail solicitando informa\u00e7\u00f5es acerca da cobran\u00e7a da contribui\u00e7\u00e3o sindical, assistencial e confederativa. Sobre a quest\u00e3o [&hellip;]","og_url":"https:\/\/www.sindmoveis-rio.org.br\/sis\/esclarecimentos-acerca-da-cobranca-da-contribuicao-sindical-assistencial-e-confederativa\/","og_site_name":"SindMoveis-Rio","article_publisher":"https:\/\/www.facebook.com\/Sindmveis-Rio-577452512685151\/","article_modified_time":"2019-05-22T19:46:29+00:00","twitter_card":"summary_large_image","schema":{"@context":"https:\/\/schema.org","@graph":[{"@type":"WebPage","@id":"https:\/\/www.sindmoveis-rio.org.br\/sis\/esclarecimentos-acerca-da-cobranca-da-contribuicao-sindical-assistencial-e-confederativa\/","url":"https:\/\/www.sindmoveis-rio.org.br\/sis\/esclarecimentos-acerca-da-cobranca-da-contribuicao-sindical-assistencial-e-confederativa\/","name":"Esclarecimentos acerca da cobran\u00e7a da contribui\u00e7\u00e3o sindical, assistencial e confederativa &#8226; SindMoveis-Rio","isPartOf":{"@id":"https:\/\/www.sindmoveis-rio.org.br\/sis\/#website"},"datePublished":"2019-05-03T01:31:37+00:00","dateModified":"2019-05-22T19:46:29+00:00","breadcrumb":{"@id":"https:\/\/www.sindmoveis-rio.org.br\/sis\/esclarecimentos-acerca-da-cobranca-da-contribuicao-sindical-assistencial-e-confederativa\/#breadcrumb"},"inLanguage":"pt-BR","potentialAction":[{"@type":"ReadAction","target":["https:\/\/www.sindmoveis-rio.org.br\/sis\/esclarecimentos-acerca-da-cobranca-da-contribuicao-sindical-assistencial-e-confederativa\/"]}]},{"@type":"BreadcrumbList","@id":"https:\/\/www.sindmoveis-rio.org.br\/sis\/esclarecimentos-acerca-da-cobranca-da-contribuicao-sindical-assistencial-e-confederativa\/#breadcrumb","itemListElement":[{"@type":"ListItem","position":1,"name":"Home","item":"https:\/\/www.sindmoveis-rio.org.br\/sis\/"},{"@type":"ListItem","position":2,"name":"Esclarecimentos acerca da cobran\u00e7a da contribui\u00e7\u00e3o sindical, assistencial e confederativa"}]},{"@type":"WebSite","@id":"https:\/\/www.sindmoveis-rio.org.br\/sis\/#website","url":"https:\/\/www.sindmoveis-rio.org.br\/sis\/","name":"SindMoveis-Rio","description":"Sindicato de M\u00f3veis e Decora\u00e7\u00f5es do Munic\u00edpio do Rio de Janeiro","publisher":{"@id":"https:\/\/www.sindmoveis-rio.org.br\/sis\/#organization"},"potentialAction":[{"@type":"SearchAction","target":{"@type":"EntryPoint","urlTemplate":"https:\/\/www.sindmoveis-rio.org.br\/sis\/?s={search_term_string}"},"query-input":{"@type":"PropertyValueSpecification","valueRequired":true,"valueName":"search_term_string"}}],"inLanguage":"pt-BR"},{"@type":"Organization","@id":"https:\/\/www.sindmoveis-rio.org.br\/sis\/#organization","name":"Sindm\u00f3veis Rio","url":"https:\/\/www.sindmoveis-rio.org.br\/sis\/","logo":{"@type":"ImageObject","inLanguage":"pt-BR","@id":"https:\/\/www.sindmoveis-rio.org.br\/sis\/#\/schema\/logo\/image\/","url":"https:\/\/www.sindmoveis-rio.org.br\/sis\/wp-content\/uploads\/2018\/12\/SindMoveis_logo_p.jpg","contentUrl":"https:\/\/www.sindmoveis-rio.org.br\/sis\/wp-content\/uploads\/2018\/12\/SindMoveis_logo_p.jpg","width":200,"height":46,"caption":"Sindm\u00f3veis Rio"},"image":{"@id":"https:\/\/www.sindmoveis-rio.org.br\/sis\/#\/schema\/logo\/image\/"},"sameAs":["https:\/\/www.facebook.com\/Sindmveis-Rio-577452512685151\/"]}]}},"_links":{"self":[{"href":"https:\/\/www.sindmoveis-rio.org.br\/sis\/wp-json\/wp\/v2\/pages\/416","targetHints":{"allow":["GET"]}}],"collection":[{"href":"https:\/\/www.sindmoveis-rio.org.br\/sis\/wp-json\/wp\/v2\/pages"}],"about":[{"href":"https:\/\/www.sindmoveis-rio.org.br\/sis\/wp-json\/wp\/v2\/types\/page"}],"author":[{"embeddable":true,"href":"https:\/\/www.sindmoveis-rio.org.br\/sis\/wp-json\/wp\/v2\/users\/1"}],"replies":[{"embeddable":true,"href":"https:\/\/www.sindmoveis-rio.org.br\/sis\/wp-json\/wp\/v2\/comments?post=416"}],"version-history":[{"count":20,"href":"https:\/\/www.sindmoveis-rio.org.br\/sis\/wp-json\/wp\/v2\/pages\/416\/revisions"}],"predecessor-version":[{"id":711,"href":"https:\/\/www.sindmoveis-rio.org.br\/sis\/wp-json\/wp\/v2\/pages\/416\/revisions\/711"}],"wp:attachment":[{"href":"https:\/\/www.sindmoveis-rio.org.br\/sis\/wp-json\/wp\/v2\/media?parent=416"}],"curies":[{"name":"wp","href":"https:\/\/api.w.org\/{rel}","templated":true}]}}