{"id":226,"date":"2019-05-02T09:28:42","date_gmt":"2019-05-02T12:28:42","guid":{"rendered":"https:\/\/www.sindmoveis-rio.org.br\/sis\/?page_id=226"},"modified":"2022-07-14T16:02:54","modified_gmt":"2022-07-14T19:02:54","slug":"presidente","status":"publish","type":"page","link":"https:\/\/www.sindmoveis-rio.org.br\/sis\/presidente\/","title":{"rendered":"Presidente"},"content":{"rendered":"\t\t<div data-elementor-type=\"wp-post\" data-elementor-id=\"226\" class=\"elementor elementor-226\">\n\t\t\t\t\t\t<section class=\"elementor-section elementor-top-section elementor-element elementor-element-6c26b5d elementor-section-boxed elementor-section-height-default elementor-section-height-default\" data-id=\"6c26b5d\" data-element_type=\"section\" data-e-type=\"section\">\n\t\t\t\t\t\t<div class=\"elementor-container elementor-column-gap-default\">\n\t\t\t\t\t<div class=\"aux-parallax-section elementor-column elementor-col-100 elementor-top-column elementor-element elementor-element-c17258e\" data-id=\"c17258e\" data-element_type=\"column\" data-e-type=\"column\">\n\t\t\t<div class=\"elementor-widget-wrap elementor-element-populated\">\n\t\t\t\t\t\t<div class=\"elementor-element elementor-element-1db117c aux-appear-watch-animation aux-fade-in-right elementor-widget elementor-widget-aux_modern_heading\" data-id=\"1db117c\" data-element_type=\"widget\" data-e-type=\"widget\" data-widget_type=\"aux_modern_heading.default\">\n\t\t\t\t<div class=\"elementor-widget-container\">\n\t\t\t\t\t<section class=\"aux-widget-modern-heading\">\n            <div class=\"aux-widget-inner\"><h2 class=\"aux-modern-heading-primary\">Sindicato de M\u00f3veis e Decora\u00e7\u00f5es do Munic\u00edpio do Rio de Janeiro<\/h2><h3 class=\"aux-modern-heading-secondary\"><span class=\"aux-head-before\"><b>Natan Schiper<\/b> -  Presidente do Sindicato de M\u00f3veis e Decora\u00e7\u00f5es - Sindm\u00f3veis<\/span><\/h3><div class=\"aux-modern-heading-divider\"><\/div><\/div>\n        <\/section>\t\t\t\t<\/div>\n\t\t\t\t<\/div>\n\t\t\t\t<section class=\"elementor-section elementor-inner-section elementor-element elementor-element-03e7f69 elementor-section-boxed elementor-section-height-default elementor-section-height-default\" data-id=\"03e7f69\" data-element_type=\"section\" data-e-type=\"section\">\n\t\t\t\t\t\t<div class=\"elementor-container elementor-column-gap-default\">\n\t\t\t\t\t<div class=\"aux-parallax-section elementor-column elementor-col-100 elementor-inner-column elementor-element elementor-element-4e174f0\" data-id=\"4e174f0\" data-element_type=\"column\" data-e-type=\"column\">\n\t\t\t<div class=\"elementor-widget-wrap elementor-element-populated\">\n\t\t\t\t\t\t<div class=\"elementor-element elementor-element-a8d0c08 aux-appear-watch-animation aux-fade-in elementor-widget elementor-widget-aux_modern_heading\" data-id=\"a8d0c08\" data-element_type=\"widget\" data-e-type=\"widget\" data-widget_type=\"aux_modern_heading.default\">\n\t\t\t\t<div class=\"elementor-widget-container\">\n\t\t\t\t\t<section class=\"aux-widget-modern-heading\">\n            <div class=\"aux-widget-inner\"><h2 class=\"aux-modern-heading-primary\"><\/h2><div class=\"aux-modern-heading-description\"><p>As portas estiveram fechadas diante da COVID_19 e infelizmente muitas lojas encerram atividades e ainda seguem nessa tend\u00eancia, por conta do reflexo da pandemia. Diante da falta do crescimento expressivo da economia, o desemprego favoreceu o aparecimento do com\u00e9rcio ao ar livre, onde grande parte destes produtos s\u00e3o de proced\u00eancia duvidosa ou de baixa qualidade.\u00a0 Com isso, as vendas despencaram nas lojas que ainda sobrevivem a este clima econ\u00f4mico, pois a disputa pela venda tornou-se favorecida aos informais, at\u00e9 mesmo por conta do baixo poder aquisitivo dos que ainda se mantem empregados.<\/p><\/div><\/div>\n        <\/section>\t\t\t\t<\/div>\n\t\t\t\t<\/div>\n\t\t\t\t\t<\/div>\n\t\t<\/div>\n\t\t\t\t\t<\/div>\n\t\t<\/section>\n\t\t\t\t<section class=\"elementor-section elementor-inner-section elementor-element elementor-element-c87cfde elementor-section-boxed elementor-section-height-default elementor-section-height-default\" data-id=\"c87cfde\" data-element_type=\"section\" data-e-type=\"section\">\n\t\t\t\t\t\t<div class=\"elementor-container elementor-column-gap-default\">\n\t\t\t\t\t<div class=\"aux-parallax-section elementor-column elementor-col-50 elementor-inner-column elementor-element elementor-element-f325354\" data-id=\"f325354\" data-element_type=\"column\" data-e-type=\"column\">\n\t\t\t<div class=\"elementor-widget-wrap elementor-element-populated\">\n\t\t\t\t\t\t<div class=\"aux-parallax-piece elementor-element elementor-element-64e5271 elementor-widget elementor-widget-aux_simple_svg\" data-parallax-origin=\"middle\" data-parallax-depth=\"0.07\" data-parallax-off=\"1024\" data-id=\"64e5271\" data-element_type=\"widget\" data-e-type=\"widget\" data-widget_type=\"aux_simple_svg.default\">\n\t\t\t\t<div class=\"elementor-widget-container\">\n\t\t\t\t\t    <div class=\"aux-widget-container aux-simple-svg-container\">\n        <div class=\"aux-widget-container-inner\">\n            <div class=\"aux-the-svg\"><img decoding=\"async\" src=\"https:\/\/www.sindmoveis-rio.org.br\/sis\/wp-content\/uploads\/2022\/07\/Natan-Schiper.jpg\" title=\"Natan-Schiper\" alt=\"Natan Schiper - Presidente do Sindicato de M\u00f3veis e Decora\u00e7\u00f5es - Sindm\u00f3veis\" loading=\"lazy\" \/><\/div>\n        <\/div>\n    <\/div>\n    \t\t\t\t<\/div>\n\t\t\t\t<\/div>\n\t\t\t\t\t<\/div>\n\t\t<\/div>\n\t\t\t\t<div class=\"aux-parallax-section elementor-column elementor-col-50 elementor-inner-column elementor-element elementor-element-1b01f42\" data-id=\"1b01f42\" data-element_type=\"column\" data-e-type=\"column\">\n\t\t\t<div class=\"elementor-widget-wrap elementor-element-populated\">\n\t\t\t\t\t\t<div class=\"elementor-element elementor-element-997a231 elementor-widget elementor-widget-text-editor\" data-id=\"997a231\" data-element_type=\"widget\" data-e-type=\"widget\" data-widget_type=\"text-editor.default\">\n\t\t\t\t<div class=\"elementor-widget-container\">\n\t\t\t\t\t\t\t\t\t<p>O ano \u00e9 de calend\u00e1rio pol\u00edtico, com instabilidades na economia, mas nossas esperan\u00e7as s\u00e3o renovadas, pois aguardamos ansiosamente pelo crescimento econ\u00f4mico do nosso pa\u00eds, que nos foi tomado diante de tantas crises, como a \u00faltima da COVID_19. Apesar da margem m\u00ednima de crescimento do PIB as vendas caminham muito devagar e ficamos confiantes neste ano eleitoral, pois almejamos pelas mudan\u00e7as, que s\u00e3o muito promissoras e urgentes para nosso pa\u00eds seguir adiante.<br>N\u00f3s do Sindm\u00f3veis buscamos fortalecer a identidade do nosso setor moveleiro, promovendo os direitos da classe junto as Entidades governamentais em busca de solu\u00e7\u00f5es, que poder\u00e3o alavancar o crescimento da economia, na constru\u00e7\u00e3o de a\u00e7\u00f5es conjuntas, com o objetivo de proteger e fortalecer o com\u00e9rcio com cria\u00e7\u00e3o de novos empregos e renda sustent\u00e1vel para gerar uma equipara\u00e7\u00e3o fiscal entre os estados da Uni\u00e3o.<br>A Diretoria, em sua nova gest\u00e3o, tem procurado promover a\u00e7\u00f5es de engajamento para o crescimento de n\u00famero de associados, como tamb\u00e9m propor ideias em prol da categoria garantindo assim seus direitos. Sabemos e temos que difundir a import\u00e2ncia da sindicaliza\u00e7\u00e3o, pois ela \u00e9 um ato de defesa dos interesses de cada loja, al\u00e9m de promover a uni\u00e3o da categoria. Tivemos um grande ganho,&nbsp; que foi a Reforma Trabalhista, que promoveu mudan\u00e7as positivas gerando o fortalecimento da nossa categoria. Apesar do ano ainda um pouco desanimador, esperamos pela recupera\u00e7\u00e3o e a sustentabilidade das empresas do setor moveleiro permitindo n\u00e3o s\u00f3 que este setor venha a se beneficiar, mas que todas as outras atividades comecem tamb\u00e9m a enxergar a t\u00e3o sonhada luz no fim do t\u00fanel.<br>\u00c9 preciso ter esperan\u00e7a de um Brasil melhor para todos!<br>Sempre acreditamos que juntos podemos mais e melhor, o nosso sindicato sempre estar\u00e1 alinhado \u00e0s a\u00e7\u00f5es desenvolvidas pela Federa\u00e7\u00e3o do Comercio de Bens, Servi\u00e7os e Turismo do Rio de Janeiro &#8211;&nbsp; Fecom\u00e9rcio-RJ e a Confedera\u00e7\u00e3o Nacional do Com\u00e9rcio de Bens, Servi\u00e7os e Turismo \u2013 CNC sempre na busca incans\u00e1vel de melhoria para o nosso pa\u00eds.<br>Um abra\u00e7o esperan\u00e7oso de dias melhores e at\u00e9 a pr\u00f3xima, para juntos comemorarmos a melhoria que tanto almejamos!<br><strong>Natan Schiper<\/strong><\/p>\t\t\t\t\t\t\t\t<\/div>\n\t\t\t\t<\/div>\n\t\t\t\t\t<\/div>\n\t\t<\/div>\n\t\t\t\t\t<\/div>\n\t\t<\/section>\n\t\t\t\t\t<\/div>\n\t\t<\/div>\n\t\t\t\t\t<\/div>\n\t\t<\/section>\n\t\t\t\t<section class=\"elementor-section elementor-top-section elementor-element elementor-element-1b8b633 elementor-hidden-phone elementor-section-boxed elementor-section-height-default elementor-section-height-default\" data-id=\"1b8b633\" data-element_type=\"section\" data-e-type=\"section\">\n\t\t\t\t\t\t<div class=\"elementor-container elementor-column-gap-default\">\n\t\t\t\t\t<div class=\"aux-parallax-section elementor-column elementor-col-100 elementor-top-column elementor-element elementor-element-886ca86\" data-id=\"886ca86\" data-element_type=\"column\" data-e-type=\"column\">\n\t\t\t<div class=\"elementor-widget-wrap elementor-element-populated\">\n\t\t\t\t\t\t\t<\/div>\n\t\t<\/div>\n\t\t\t\t\t<\/div>\n\t\t<\/section>\n\t\t\t\t<\/div>\n\t\t","protected":false},"excerpt":{"rendered":"<p>Sindicato de M\u00f3veis e Decora\u00e7\u00f5es do Munic\u00edpio do Rio de Janeiro Natan Schiper &#8211; Presidente do Sindicato de M\u00f3veis e Decora\u00e7\u00f5es &#8211; Sindm\u00f3veis As portas estiveram fechadas diante da COVID_19 e infelizmente muitas lojas encerram atividades e ainda seguem nessa tend\u00eancia, por conta do reflexo da pandemia. Diante da falta do crescimento expressivo da economia, [&hellip;]<\/p>\n","protected":false},"author":1,"featured_media":0,"parent":0,"menu_order":0,"comment_status":"closed","ping_status":"closed","template":"","meta":{"footnotes":""},"class_list":["post-226","page","type-page","status-publish","hentry"],"yoast_head":"<!-- This site is optimized with the Yoast SEO plugin v27.1.1 - https:\/\/yoast.com\/product\/yoast-seo-wordpress\/ -->\n<title>Presidente &#8226; SindMoveis-Rio<\/title>\n<meta name=\"robots\" content=\"index, follow, max-snippet:-1, max-image-preview:large, max-video-preview:-1\" \/>\n<link rel=\"canonical\" href=\"https:\/\/www.sindmoveis-rio.org.br\/sis\/presidente\/\" \/>\n<meta property=\"og:locale\" content=\"pt_BR\" \/>\n<meta property=\"og:type\" content=\"article\" \/>\n<meta property=\"og:title\" content=\"Presidente &#8226; SindMoveis-Rio\" \/>\n<meta property=\"og:description\" content=\"Sindicato de M\u00f3veis e Decora\u00e7\u00f5es do Munic\u00edpio do Rio de Janeiro Natan Schiper &#8211; Presidente do Sindicato de M\u00f3veis e Decora\u00e7\u00f5es &#8211; Sindm\u00f3veis As portas estiveram fechadas diante da COVID_19 e infelizmente muitas lojas encerram atividades e ainda seguem nessa tend\u00eancia, por conta do reflexo da pandemia. Diante da falta do crescimento expressivo da economia, [&hellip;]\" \/>\n<meta property=\"og:url\" content=\"https:\/\/www.sindmoveis-rio.org.br\/sis\/presidente\/\" \/>\n<meta property=\"og:site_name\" content=\"SindMoveis-Rio\" \/>\n<meta property=\"article:publisher\" content=\"https:\/\/www.facebook.com\/Sindmveis-Rio-577452512685151\/\" \/>\n<meta property=\"article:modified_time\" content=\"2022-07-14T19:02:54+00:00\" \/>\n<meta property=\"og:image\" content=\"https:\/\/www.sindmoveis-rio.org.br\/sis\/wp-content\/uploads\/2022\/07\/Natan-Schiper.jpg\" \/>\n<meta name=\"twitter:card\" content=\"summary_large_image\" \/>\n<script type=\"application\/ld+json\" class=\"yoast-schema-graph\">{\"@context\":\"https:\/\/schema.org\",\"@graph\":[{\"@type\":\"WebPage\",\"@id\":\"https:\/\/www.sindmoveis-rio.org.br\/sis\/presidente\/\",\"url\":\"https:\/\/www.sindmoveis-rio.org.br\/sis\/presidente\/\",\"name\":\"Presidente &#8226; SindMoveis-Rio\",\"isPartOf\":{\"@id\":\"https:\/\/www.sindmoveis-rio.org.br\/sis\/#website\"},\"primaryImageOfPage\":{\"@id\":\"https:\/\/www.sindmoveis-rio.org.br\/sis\/presidente\/#primaryimage\"},\"image\":{\"@id\":\"https:\/\/www.sindmoveis-rio.org.br\/sis\/presidente\/#primaryimage\"},\"thumbnailUrl\":\"https:\/\/www.sindmoveis-rio.org.br\/sis\/wp-content\/uploads\/2022\/07\/Natan-Schiper.jpg\",\"datePublished\":\"2019-05-02T12:28:42+00:00\",\"dateModified\":\"2022-07-14T19:02:54+00:00\",\"breadcrumb\":{\"@id\":\"https:\/\/www.sindmoveis-rio.org.br\/sis\/presidente\/#breadcrumb\"},\"inLanguage\":\"pt-BR\",\"potentialAction\":[{\"@type\":\"ReadAction\",\"target\":[\"https:\/\/www.sindmoveis-rio.org.br\/sis\/presidente\/\"]}]},{\"@type\":\"ImageObject\",\"inLanguage\":\"pt-BR\",\"@id\":\"https:\/\/www.sindmoveis-rio.org.br\/sis\/presidente\/#primaryimage\",\"url\":\"https:\/\/www.sindmoveis-rio.org.br\/sis\/wp-content\/uploads\/2022\/07\/Natan-Schiper.jpg\",\"contentUrl\":\"https:\/\/www.sindmoveis-rio.org.br\/sis\/wp-content\/uploads\/2022\/07\/Natan-Schiper.jpg\",\"width\":304,\"height\":450,\"caption\":\"Natan Schiper - Presidente do Sindicato de M\u00f3veis e Decora\u00e7\u00f5es - Sindm\u00f3veis\"},{\"@type\":\"BreadcrumbList\",\"@id\":\"https:\/\/www.sindmoveis-rio.org.br\/sis\/presidente\/#breadcrumb\",\"itemListElement\":[{\"@type\":\"ListItem\",\"position\":1,\"name\":\"Home\",\"item\":\"https:\/\/www.sindmoveis-rio.org.br\/sis\/\"},{\"@type\":\"ListItem\",\"position\":2,\"name\":\"Presidente\"}]},{\"@type\":\"WebSite\",\"@id\":\"https:\/\/www.sindmoveis-rio.org.br\/sis\/#website\",\"url\":\"https:\/\/www.sindmoveis-rio.org.br\/sis\/\",\"name\":\"SindMoveis-Rio\",\"description\":\"Sindicato de M\u00f3veis e Decora\u00e7\u00f5es do Munic\u00edpio do Rio de Janeiro\",\"publisher\":{\"@id\":\"https:\/\/www.sindmoveis-rio.org.br\/sis\/#organization\"},\"potentialAction\":[{\"@type\":\"SearchAction\",\"target\":{\"@type\":\"EntryPoint\",\"urlTemplate\":\"https:\/\/www.sindmoveis-rio.org.br\/sis\/?s={search_term_string}\"},\"query-input\":{\"@type\":\"PropertyValueSpecification\",\"valueRequired\":true,\"valueName\":\"search_term_string\"}}],\"inLanguage\":\"pt-BR\"},{\"@type\":\"Organization\",\"@id\":\"https:\/\/www.sindmoveis-rio.org.br\/sis\/#organization\",\"name\":\"Sindm\u00f3veis Rio\",\"url\":\"https:\/\/www.sindmoveis-rio.org.br\/sis\/\",\"logo\":{\"@type\":\"ImageObject\",\"inLanguage\":\"pt-BR\",\"@id\":\"https:\/\/www.sindmoveis-rio.org.br\/sis\/#\/schema\/logo\/image\/\",\"url\":\"https:\/\/www.sindmoveis-rio.org.br\/sis\/wp-content\/uploads\/2018\/12\/SindMoveis_logo_p.jpg\",\"contentUrl\":\"https:\/\/www.sindmoveis-rio.org.br\/sis\/wp-content\/uploads\/2018\/12\/SindMoveis_logo_p.jpg\",\"width\":200,\"height\":46,\"caption\":\"Sindm\u00f3veis Rio\"},\"image\":{\"@id\":\"https:\/\/www.sindmoveis-rio.org.br\/sis\/#\/schema\/logo\/image\/\"},\"sameAs\":[\"https:\/\/www.facebook.com\/Sindmveis-Rio-577452512685151\/\"]}]}<\/script>\n<!-- \/ Yoast SEO plugin. -->","yoast_head_json":{"title":"Presidente &#8226; SindMoveis-Rio","robots":{"index":"index","follow":"follow","max-snippet":"max-snippet:-1","max-image-preview":"max-image-preview:large","max-video-preview":"max-video-preview:-1"},"canonical":"https:\/\/www.sindmoveis-rio.org.br\/sis\/presidente\/","og_locale":"pt_BR","og_type":"article","og_title":"Presidente &#8226; SindMoveis-Rio","og_description":"Sindicato de M\u00f3veis e Decora\u00e7\u00f5es do Munic\u00edpio do Rio de Janeiro Natan Schiper &#8211; Presidente do Sindicato de M\u00f3veis e Decora\u00e7\u00f5es &#8211; Sindm\u00f3veis As portas estiveram fechadas diante da COVID_19 e infelizmente muitas lojas encerram atividades e ainda seguem nessa tend\u00eancia, por conta do reflexo da pandemia. Diante da falta do crescimento expressivo da economia, [&hellip;]","og_url":"https:\/\/www.sindmoveis-rio.org.br\/sis\/presidente\/","og_site_name":"SindMoveis-Rio","article_publisher":"https:\/\/www.facebook.com\/Sindmveis-Rio-577452512685151\/","article_modified_time":"2022-07-14T19:02:54+00:00","og_image":[{"url":"https:\/\/www.sindmoveis-rio.org.br\/sis\/wp-content\/uploads\/2022\/07\/Natan-Schiper.jpg","type":"","width":"","height":""}],"twitter_card":"summary_large_image","schema":{"@context":"https:\/\/schema.org","@graph":[{"@type":"WebPage","@id":"https:\/\/www.sindmoveis-rio.org.br\/sis\/presidente\/","url":"https:\/\/www.sindmoveis-rio.org.br\/sis\/presidente\/","name":"Presidente &#8226; SindMoveis-Rio","isPartOf":{"@id":"https:\/\/www.sindmoveis-rio.org.br\/sis\/#website"},"primaryImageOfPage":{"@id":"https:\/\/www.sindmoveis-rio.org.br\/sis\/presidente\/#primaryimage"},"image":{"@id":"https:\/\/www.sindmoveis-rio.org.br\/sis\/presidente\/#primaryimage"},"thumbnailUrl":"https:\/\/www.sindmoveis-rio.org.br\/sis\/wp-content\/uploads\/2022\/07\/Natan-Schiper.jpg","datePublished":"2019-05-02T12:28:42+00:00","dateModified":"2022-07-14T19:02:54+00:00","breadcrumb":{"@id":"https:\/\/www.sindmoveis-rio.org.br\/sis\/presidente\/#breadcrumb"},"inLanguage":"pt-BR","potentialAction":[{"@type":"ReadAction","target":["https:\/\/www.sindmoveis-rio.org.br\/sis\/presidente\/"]}]},{"@type":"ImageObject","inLanguage":"pt-BR","@id":"https:\/\/www.sindmoveis-rio.org.br\/sis\/presidente\/#primaryimage","url":"https:\/\/www.sindmoveis-rio.org.br\/sis\/wp-content\/uploads\/2022\/07\/Natan-Schiper.jpg","contentUrl":"https:\/\/www.sindmoveis-rio.org.br\/sis\/wp-content\/uploads\/2022\/07\/Natan-Schiper.jpg","width":304,"height":450,"caption":"Natan Schiper - Presidente do Sindicato de M\u00f3veis e Decora\u00e7\u00f5es - Sindm\u00f3veis"},{"@type":"BreadcrumbList","@id":"https:\/\/www.sindmoveis-rio.org.br\/sis\/presidente\/#breadcrumb","itemListElement":[{"@type":"ListItem","position":1,"name":"Home","item":"https:\/\/www.sindmoveis-rio.org.br\/sis\/"},{"@type":"ListItem","position":2,"name":"Presidente"}]},{"@type":"WebSite","@id":"https:\/\/www.sindmoveis-rio.org.br\/sis\/#website","url":"https:\/\/www.sindmoveis-rio.org.br\/sis\/","name":"SindMoveis-Rio","description":"Sindicato de M\u00f3veis e Decora\u00e7\u00f5es do Munic\u00edpio do Rio de Janeiro","publisher":{"@id":"https:\/\/www.sindmoveis-rio.org.br\/sis\/#organization"},"potentialAction":[{"@type":"SearchAction","target":{"@type":"EntryPoint","urlTemplate":"https:\/\/www.sindmoveis-rio.org.br\/sis\/?s={search_term_string}"},"query-input":{"@type":"PropertyValueSpecification","valueRequired":true,"valueName":"search_term_string"}}],"inLanguage":"pt-BR"},{"@type":"Organization","@id":"https:\/\/www.sindmoveis-rio.org.br\/sis\/#organization","name":"Sindm\u00f3veis Rio","url":"https:\/\/www.sindmoveis-rio.org.br\/sis\/","logo":{"@type":"ImageObject","inLanguage":"pt-BR","@id":"https:\/\/www.sindmoveis-rio.org.br\/sis\/#\/schema\/logo\/image\/","url":"https:\/\/www.sindmoveis-rio.org.br\/sis\/wp-content\/uploads\/2018\/12\/SindMoveis_logo_p.jpg","contentUrl":"https:\/\/www.sindmoveis-rio.org.br\/sis\/wp-content\/uploads\/2018\/12\/SindMoveis_logo_p.jpg","width":200,"height":46,"caption":"Sindm\u00f3veis Rio"},"image":{"@id":"https:\/\/www.sindmoveis-rio.org.br\/sis\/#\/schema\/logo\/image\/"},"sameAs":["https:\/\/www.facebook.com\/Sindmveis-Rio-577452512685151\/"]}]}},"_links":{"self":[{"href":"https:\/\/www.sindmoveis-rio.org.br\/sis\/wp-json\/wp\/v2\/pages\/226","targetHints":{"allow":["GET"]}}],"collection":[{"href":"https:\/\/www.sindmoveis-rio.org.br\/sis\/wp-json\/wp\/v2\/pages"}],"about":[{"href":"https:\/\/www.sindmoveis-rio.org.br\/sis\/wp-json\/wp\/v2\/types\/page"}],"author":[{"embeddable":true,"href":"https:\/\/www.sindmoveis-rio.org.br\/sis\/wp-json\/wp\/v2\/users\/1"}],"replies":[{"embeddable":true,"href":"https:\/\/www.sindmoveis-rio.org.br\/sis\/wp-json\/wp\/v2\/comments?post=226"}],"version-history":[{"count":10,"href":"https:\/\/www.sindmoveis-rio.org.br\/sis\/wp-json\/wp\/v2\/pages\/226\/revisions"}],"predecessor-version":[{"id":1849,"href":"https:\/\/www.sindmoveis-rio.org.br\/sis\/wp-json\/wp\/v2\/pages\/226\/revisions\/1849"}],"wp:attachment":[{"href":"https:\/\/www.sindmoveis-rio.org.br\/sis\/wp-json\/wp\/v2\/media?parent=226"}],"curies":[{"name":"wp","href":"https:\/\/api.w.org\/{rel}","templated":true}]}}