{"id":2236,"date":"2026-03-04T10:58:57","date_gmt":"2026-03-04T13:58:57","guid":{"rendered":"https:\/\/www.sindmoveis-rio.org.br\/sis\/?page_id=2236"},"modified":"2026-03-04T10:58:57","modified_gmt":"2026-03-04T13:58:57","slug":"acordo-para-abertura-das-lojas-nos-feriados-de-abril-e-maio-de-2026","status":"publish","type":"page","link":"https:\/\/www.sindmoveis-rio.org.br\/sis\/acordo-para-abertura-das-lojas-nos-feriados-de-abril-e-maio-de-2026\/","title":{"rendered":"Acordo para Abertura das Lojas nos Feriados de Abril e Maio de 2026"},"content":{"rendered":"<section>Boa tarde, prezados (as)<\/section>\n<section>Estamos enviando este comunicado para lembrar da necessidade de <b>homologar o acordo para abertura das lojas nos dias <span style=\"color: #ff0000;\">03\/04\/2026<\/span> (sexta \u2013feira da Paix\u00e3o de Cristo), <span style=\"color: #ff0000;\">21\/04\/2026<\/span> (Tiradentes), <span style=\"color: #ff0000;\">23\/04\/2026<\/span> (S\u00e3o Jorge) e <span style=\"color: #ff0000;\">01\/05\/2026<\/span> (dia do Trabalho).<\/b><strong><br \/>\n<\/strong><strong><br \/>\nFavor entrar em contato conosco para esclarecimentos, atualiza\u00e7\u00f5es cadastrais e quita\u00e7\u00e3o de d\u00e9bitos<\/strong>.<\/section>\n<section><span style=\"color: #ff0000;\"><span style=\"color: #ff0000;\"><strong>ATEN\u00c7\u00c3O AOS NOVOS VALORES<\/strong><\/span><\/span><\/section>\n<section><\/section>\n<section>Valores a serem pagos por feriado a cada Sindicato (Sindm\u00f3veis e Sec) <span style=\"color: #ff0000;\"><strong>POR CADA FERIADO!!!<\/strong><\/span><\/section>\n<section><\/section>\n<section><img fetchpriority=\"high\" decoding=\"async\" class=\"size-full wp-image-2208 alignnone\" src=\"https:\/\/www.sindmoveis-rio.org.br\/sis\/wp-content\/uploads\/2025\/09\/2025-09-Tabela-Valores.jpg\" alt=\"Valores a serem pagos por feriado a cada Sindicato\" width=\"728\" height=\"299\" \/><\/section>\n<section><strong><u><br \/>\nContas para dep\u00f3sito <span style=\"color: #ff0000;\">Sindm\u00f3veis<\/span><\/u><\/strong>:<\/section>\n<section><span style=\"color: #ff0000;\"><strong>BANCO DO BRASIL <\/strong><\/span><br \/>\nAg.: 1251-3<br \/>\nConta corrente: 405111-4<br \/>\nPIX CNPJ: 33005216000107<\/section>\n<section><\/section>\n<section><strong>OU<\/strong><\/section>\n<section><\/section>\n<section><span style=\"color: #ff0000;\"><strong>CAIXA ECON\u00d4MICA FEDERAL \u2013 CAIXA<\/strong><\/span><\/section>\n<section>Ag.: 0542<\/section>\n<section>Conta Corrente: 00775754-0<\/p>\n<ul>\n<li><strong>As homologa\u00e7\u00f5es s\u00e3o feitas por e-mail, encaminhando ao Sindm\u00f3veis para o <a href=\"mailto:secretaria@sindmoveis-rio.org.br\">secretaria@sindmoveis-rio.org.br<\/a> \u00a0o formul\u00e1rio preenchido, com o comprovante de pagamento. Ap\u00f3s confer\u00eancia o\u00a0 documento deve ser encaminhado ao Sindicato dos Empregados ( <a href=\"mailto:convencoes@secrj.org.br\">convencoes@secrj.org.br<\/a> ).<\/strong><\/li>\n<li><strong>Aos associados, para o desconto de 50% consulte a ficha da loja, para verifica\u00e7\u00e3o dos d\u00e9bitos, para negocia\u00e7\u00e3o (sem juros e multa), com prazos flex\u00edveis.<\/strong><\/li>\n<li><strong>Para quem ainda n\u00e3o \u00e9 s\u00f3cio, fa\u00e7a a associa\u00e7\u00e3o e garanta o desconto de 50%.<\/strong><\/li>\n<li><strong>Os postos ser\u00e3o divulgados mais perto do feriado, pois o Sindicato dos Empregados ainda n\u00e3o forneceu a lista<\/strong>.<\/li>\n<\/ul>\n<\/section>\n<section><\/section>\n<section><\/section>\n<section><\/section>\n<section><\/section>\n<section><\/section>\n<section><\/section>\n<section><\/section>\n<section><\/section>\n<section><img decoding=\"async\" class=\"alignnone wp-image-686\" src=\"https:\/\/www.sindmoveis-rio.org.br\/sis\/wp-content\/uploads\/2019\/05\/LogoPDF-300x296-300x296.png\" alt=\"\" width=\"27\" height=\"49\" \/><a href=\"\/sis\/wp-content\/uploads\/2026\/03\/Feriados-Abril-e-Maio.pdf\" target=\"_new\" rel=\"noopener noreferrer\">Formul\u00e1rios para os Feriados de Abril e Maio de 2026<\/a><\/section>\n<section><img decoding=\"async\" class=\"alignnone wp-image-686\" src=\"https:\/\/www.sindmoveis-rio.org.br\/sis\/wp-content\/uploads\/2019\/05\/LogoPDF-300x296-300x296.png\" alt=\"\" width=\"27\" height=\"49\" \/><a href=\"\/sis\/wp-content\/uploads\/2025\/01\/CCT-MOVEIS-FERIADOS1.pdf\" target=\"_new\" rel=\"noopener noreferrer\">CTT Feriados M\u00f3veis<\/a><\/section>\n<section><\/section>\n<section><img decoding=\"async\" class=\"alignnone wp-image-686\" src=\"https:\/\/www.sindmoveis-rio.org.br\/sis\/wp-content\/uploads\/2019\/05\/LogoPDF-300x296-300x296.png\" alt=\"\" width=\"27\" height=\"49\" \/> <a href=\"\/sis\/wp-content\/uploads\/2022\/01\/Conta-corrente_SEC.pdf\" target=\"_new\" rel=\"noopener noreferrer\">Conta Corrente SEC<\/a><\/section>\n<section><\/section>\n<p>&nbsp;<\/p>\n<section>Atenciosamente,<br \/>\nSecretaria Sindm\u00f3veis<\/section>\n","protected":false},"excerpt":{"rendered":"<p>Boa tarde, prezados (as) Estamos enviando este comunicado para lembrar da necessidade de homologar o acordo para abertura das lojas nos dias 03\/04\/2026 (sexta \u2013feira da Paix\u00e3o de Cristo), 21\/04\/2026 (Tiradentes), 23\/04\/2026 (S\u00e3o Jorge) e 01\/05\/2026 (dia do Trabalho). Favor entrar em contato conosco para esclarecimentos, atualiza\u00e7\u00f5es cadastrais e quita\u00e7\u00e3o de d\u00e9bitos. ATEN\u00c7\u00c3O AOS NOVOS [&hellip;]<\/p>\n","protected":false},"author":1,"featured_media":0,"parent":0,"menu_order":0,"comment_status":"closed","ping_status":"closed","template":"","meta":{"footnotes":""},"class_list":["post-2236","page","type-page","status-publish","hentry"],"yoast_head":"<!-- This site is optimized with the Yoast SEO plugin v27.1.1 - https:\/\/yoast.com\/product\/yoast-seo-wordpress\/ -->\n<title>Homola\u00e7\u00e3o para Abertura de Lojas (Feriados de Abril e Maio) &#8226; SindMoveis-Rio<\/title>\n<meta name=\"description\" content=\"Consulte o acordo para abertura das Lojas nos Feriados de Abril e Maio de 2026.. Clique aqui para ver as orienta\u00e7\u00f5es.\" \/>\n<meta name=\"robots\" content=\"index, follow, max-snippet:-1, max-image-preview:large, max-video-preview:-1\" \/>\n<link rel=\"canonical\" href=\"https:\/\/www.sindmoveis-rio.org.br\/sis\/acordo-para-abertura-das-lojas-nos-feriados-de-abril-e-maio-de-2026\/\" \/>\n<meta property=\"og:locale\" content=\"pt_BR\" \/>\n<meta property=\"og:type\" content=\"article\" \/>\n<meta property=\"og:title\" content=\"Homola\u00e7\u00e3o para Abertura de Lojas (Feriados de Abril e Maio) &#8226; SindMoveis-Rio\" \/>\n<meta property=\"og:description\" content=\"Consulte o acordo para abertura das Lojas nos Feriados de Abril e Maio de 2026.. Clique aqui para ver as orienta\u00e7\u00f5es.\" \/>\n<meta property=\"og:url\" content=\"https:\/\/www.sindmoveis-rio.org.br\/sis\/acordo-para-abertura-das-lojas-nos-feriados-de-abril-e-maio-de-2026\/\" \/>\n<meta property=\"og:site_name\" content=\"SindMoveis-Rio\" \/>\n<meta property=\"article:publisher\" content=\"https:\/\/www.facebook.com\/Sindmveis-Rio-577452512685151\/\" \/>\n<meta property=\"og:image\" content=\"https:\/\/www.sindmoveis-rio.org.br\/sis\/wp-content\/uploads\/2025\/09\/2025-09-Tabela-Valores.jpg\" \/>\n\t<meta property=\"og:image:width\" content=\"728\" \/>\n\t<meta property=\"og:image:height\" content=\"299\" \/>\n\t<meta property=\"og:image:type\" content=\"image\/jpeg\" \/>\n<meta name=\"twitter:card\" content=\"summary_large_image\" \/>\n<script type=\"application\/ld+json\" class=\"yoast-schema-graph\">{\"@context\":\"https:\/\/schema.org\",\"@graph\":[{\"@type\":\"WebPage\",\"@id\":\"https:\/\/www.sindmoveis-rio.org.br\/sis\/acordo-para-abertura-das-lojas-nos-feriados-de-abril-e-maio-de-2026\/\",\"url\":\"https:\/\/www.sindmoveis-rio.org.br\/sis\/acordo-para-abertura-das-lojas-nos-feriados-de-abril-e-maio-de-2026\/\",\"name\":\"Homola\u00e7\u00e3o para Abertura de Lojas (Feriados de Abril e Maio) &#8226; SindMoveis-Rio\",\"isPartOf\":{\"@id\":\"https:\/\/www.sindmoveis-rio.org.br\/sis\/#website\"},\"primaryImageOfPage\":{\"@id\":\"https:\/\/www.sindmoveis-rio.org.br\/sis\/acordo-para-abertura-das-lojas-nos-feriados-de-abril-e-maio-de-2026\/#primaryimage\"},\"image\":{\"@id\":\"https:\/\/www.sindmoveis-rio.org.br\/sis\/acordo-para-abertura-das-lojas-nos-feriados-de-abril-e-maio-de-2026\/#primaryimage\"},\"thumbnailUrl\":\"https:\/\/www.sindmoveis-rio.org.br\/sis\/wp-content\/uploads\/2025\/09\/2025-09-Tabela-Valores.jpg\",\"datePublished\":\"2026-03-04T13:58:57+00:00\",\"description\":\"Consulte o acordo para abertura das Lojas nos Feriados de Abril e Maio de 2026.. Clique aqui para ver as orienta\u00e7\u00f5es.\",\"breadcrumb\":{\"@id\":\"https:\/\/www.sindmoveis-rio.org.br\/sis\/acordo-para-abertura-das-lojas-nos-feriados-de-abril-e-maio-de-2026\/#breadcrumb\"},\"inLanguage\":\"pt-BR\",\"potentialAction\":[{\"@type\":\"ReadAction\",\"target\":[\"https:\/\/www.sindmoveis-rio.org.br\/sis\/acordo-para-abertura-das-lojas-nos-feriados-de-abril-e-maio-de-2026\/\"]}]},{\"@type\":\"ImageObject\",\"inLanguage\":\"pt-BR\",\"@id\":\"https:\/\/www.sindmoveis-rio.org.br\/sis\/acordo-para-abertura-das-lojas-nos-feriados-de-abril-e-maio-de-2026\/#primaryimage\",\"url\":\"https:\/\/www.sindmoveis-rio.org.br\/sis\/wp-content\/uploads\/2025\/09\/2025-09-Tabela-Valores.jpg\",\"contentUrl\":\"https:\/\/www.sindmoveis-rio.org.br\/sis\/wp-content\/uploads\/2025\/09\/2025-09-Tabela-Valores.jpg\",\"width\":728,\"height\":299,\"caption\":\"Valores a serem pagos por feriado a cada Sindicato\"},{\"@type\":\"BreadcrumbList\",\"@id\":\"https:\/\/www.sindmoveis-rio.org.br\/sis\/acordo-para-abertura-das-lojas-nos-feriados-de-abril-e-maio-de-2026\/#breadcrumb\",\"itemListElement\":[{\"@type\":\"ListItem\",\"position\":1,\"name\":\"Home\",\"item\":\"https:\/\/www.sindmoveis-rio.org.br\/sis\/\"},{\"@type\":\"ListItem\",\"position\":2,\"name\":\"Acordo para Abertura das Lojas nos Feriados de Abril e Maio de 2026\"}]},{\"@type\":\"WebSite\",\"@id\":\"https:\/\/www.sindmoveis-rio.org.br\/sis\/#website\",\"url\":\"https:\/\/www.sindmoveis-rio.org.br\/sis\/\",\"name\":\"SindMoveis-Rio\",\"description\":\"Sindicato de M\u00f3veis e Decora\u00e7\u00f5es do Munic\u00edpio do Rio de Janeiro\",\"publisher\":{\"@id\":\"https:\/\/www.sindmoveis-rio.org.br\/sis\/#organization\"},\"potentialAction\":[{\"@type\":\"SearchAction\",\"target\":{\"@type\":\"EntryPoint\",\"urlTemplate\":\"https:\/\/www.sindmoveis-rio.org.br\/sis\/?s={search_term_string}\"},\"query-input\":{\"@type\":\"PropertyValueSpecification\",\"valueRequired\":true,\"valueName\":\"search_term_string\"}}],\"inLanguage\":\"pt-BR\"},{\"@type\":\"Organization\",\"@id\":\"https:\/\/www.sindmoveis-rio.org.br\/sis\/#organization\",\"name\":\"Sindm\u00f3veis Rio\",\"url\":\"https:\/\/www.sindmoveis-rio.org.br\/sis\/\",\"logo\":{\"@type\":\"ImageObject\",\"inLanguage\":\"pt-BR\",\"@id\":\"https:\/\/www.sindmoveis-rio.org.br\/sis\/#\/schema\/logo\/image\/\",\"url\":\"https:\/\/www.sindmoveis-rio.org.br\/sis\/wp-content\/uploads\/2018\/12\/SindMoveis_logo_p.jpg\",\"contentUrl\":\"https:\/\/www.sindmoveis-rio.org.br\/sis\/wp-content\/uploads\/2018\/12\/SindMoveis_logo_p.jpg\",\"width\":200,\"height\":46,\"caption\":\"Sindm\u00f3veis Rio\"},\"image\":{\"@id\":\"https:\/\/www.sindmoveis-rio.org.br\/sis\/#\/schema\/logo\/image\/\"},\"sameAs\":[\"https:\/\/www.facebook.com\/Sindmveis-Rio-577452512685151\/\"]}]}<\/script>\n<!-- \/ Yoast SEO plugin. -->","yoast_head_json":{"title":"Homola\u00e7\u00e3o para Abertura de Lojas (Feriados de Abril e Maio) &#8226; SindMoveis-Rio","description":"Consulte o acordo para abertura das Lojas nos Feriados de Abril e Maio de 2026.. Clique aqui para ver as orienta\u00e7\u00f5es.","robots":{"index":"index","follow":"follow","max-snippet":"max-snippet:-1","max-image-preview":"max-image-preview:large","max-video-preview":"max-video-preview:-1"},"canonical":"https:\/\/www.sindmoveis-rio.org.br\/sis\/acordo-para-abertura-das-lojas-nos-feriados-de-abril-e-maio-de-2026\/","og_locale":"pt_BR","og_type":"article","og_title":"Homola\u00e7\u00e3o para Abertura de Lojas (Feriados de Abril e Maio) &#8226; SindMoveis-Rio","og_description":"Consulte o acordo para abertura das Lojas nos Feriados de Abril e Maio de 2026.. Clique aqui para ver as orienta\u00e7\u00f5es.","og_url":"https:\/\/www.sindmoveis-rio.org.br\/sis\/acordo-para-abertura-das-lojas-nos-feriados-de-abril-e-maio-de-2026\/","og_site_name":"SindMoveis-Rio","article_publisher":"https:\/\/www.facebook.com\/Sindmveis-Rio-577452512685151\/","og_image":[{"width":728,"height":299,"url":"https:\/\/www.sindmoveis-rio.org.br\/sis\/wp-content\/uploads\/2025\/09\/2025-09-Tabela-Valores.jpg","type":"image\/jpeg"}],"twitter_card":"summary_large_image","schema":{"@context":"https:\/\/schema.org","@graph":[{"@type":"WebPage","@id":"https:\/\/www.sindmoveis-rio.org.br\/sis\/acordo-para-abertura-das-lojas-nos-feriados-de-abril-e-maio-de-2026\/","url":"https:\/\/www.sindmoveis-rio.org.br\/sis\/acordo-para-abertura-das-lojas-nos-feriados-de-abril-e-maio-de-2026\/","name":"Homola\u00e7\u00e3o para Abertura de Lojas (Feriados de Abril e Maio) &#8226; SindMoveis-Rio","isPartOf":{"@id":"https:\/\/www.sindmoveis-rio.org.br\/sis\/#website"},"primaryImageOfPage":{"@id":"https:\/\/www.sindmoveis-rio.org.br\/sis\/acordo-para-abertura-das-lojas-nos-feriados-de-abril-e-maio-de-2026\/#primaryimage"},"image":{"@id":"https:\/\/www.sindmoveis-rio.org.br\/sis\/acordo-para-abertura-das-lojas-nos-feriados-de-abril-e-maio-de-2026\/#primaryimage"},"thumbnailUrl":"https:\/\/www.sindmoveis-rio.org.br\/sis\/wp-content\/uploads\/2025\/09\/2025-09-Tabela-Valores.jpg","datePublished":"2026-03-04T13:58:57+00:00","description":"Consulte o acordo para abertura das Lojas nos Feriados de Abril e Maio de 2026.. Clique aqui para ver as orienta\u00e7\u00f5es.","breadcrumb":{"@id":"https:\/\/www.sindmoveis-rio.org.br\/sis\/acordo-para-abertura-das-lojas-nos-feriados-de-abril-e-maio-de-2026\/#breadcrumb"},"inLanguage":"pt-BR","potentialAction":[{"@type":"ReadAction","target":["https:\/\/www.sindmoveis-rio.org.br\/sis\/acordo-para-abertura-das-lojas-nos-feriados-de-abril-e-maio-de-2026\/"]}]},{"@type":"ImageObject","inLanguage":"pt-BR","@id":"https:\/\/www.sindmoveis-rio.org.br\/sis\/acordo-para-abertura-das-lojas-nos-feriados-de-abril-e-maio-de-2026\/#primaryimage","url":"https:\/\/www.sindmoveis-rio.org.br\/sis\/wp-content\/uploads\/2025\/09\/2025-09-Tabela-Valores.jpg","contentUrl":"https:\/\/www.sindmoveis-rio.org.br\/sis\/wp-content\/uploads\/2025\/09\/2025-09-Tabela-Valores.jpg","width":728,"height":299,"caption":"Valores a serem pagos por feriado a cada Sindicato"},{"@type":"BreadcrumbList","@id":"https:\/\/www.sindmoveis-rio.org.br\/sis\/acordo-para-abertura-das-lojas-nos-feriados-de-abril-e-maio-de-2026\/#breadcrumb","itemListElement":[{"@type":"ListItem","position":1,"name":"Home","item":"https:\/\/www.sindmoveis-rio.org.br\/sis\/"},{"@type":"ListItem","position":2,"name":"Acordo para Abertura das Lojas nos Feriados de Abril e Maio de 2026"}]},{"@type":"WebSite","@id":"https:\/\/www.sindmoveis-rio.org.br\/sis\/#website","url":"https:\/\/www.sindmoveis-rio.org.br\/sis\/","name":"SindMoveis-Rio","description":"Sindicato de M\u00f3veis e Decora\u00e7\u00f5es do Munic\u00edpio do Rio de Janeiro","publisher":{"@id":"https:\/\/www.sindmoveis-rio.org.br\/sis\/#organization"},"potentialAction":[{"@type":"SearchAction","target":{"@type":"EntryPoint","urlTemplate":"https:\/\/www.sindmoveis-rio.org.br\/sis\/?s={search_term_string}"},"query-input":{"@type":"PropertyValueSpecification","valueRequired":true,"valueName":"search_term_string"}}],"inLanguage":"pt-BR"},{"@type":"Organization","@id":"https:\/\/www.sindmoveis-rio.org.br\/sis\/#organization","name":"Sindm\u00f3veis Rio","url":"https:\/\/www.sindmoveis-rio.org.br\/sis\/","logo":{"@type":"ImageObject","inLanguage":"pt-BR","@id":"https:\/\/www.sindmoveis-rio.org.br\/sis\/#\/schema\/logo\/image\/","url":"https:\/\/www.sindmoveis-rio.org.br\/sis\/wp-content\/uploads\/2018\/12\/SindMoveis_logo_p.jpg","contentUrl":"https:\/\/www.sindmoveis-rio.org.br\/sis\/wp-content\/uploads\/2018\/12\/SindMoveis_logo_p.jpg","width":200,"height":46,"caption":"Sindm\u00f3veis Rio"},"image":{"@id":"https:\/\/www.sindmoveis-rio.org.br\/sis\/#\/schema\/logo\/image\/"},"sameAs":["https:\/\/www.facebook.com\/Sindmveis-Rio-577452512685151\/"]}]}},"_links":{"self":[{"href":"https:\/\/www.sindmoveis-rio.org.br\/sis\/wp-json\/wp\/v2\/pages\/2236","targetHints":{"allow":["GET"]}}],"collection":[{"href":"https:\/\/www.sindmoveis-rio.org.br\/sis\/wp-json\/wp\/v2\/pages"}],"about":[{"href":"https:\/\/www.sindmoveis-rio.org.br\/sis\/wp-json\/wp\/v2\/types\/page"}],"author":[{"embeddable":true,"href":"https:\/\/www.sindmoveis-rio.org.br\/sis\/wp-json\/wp\/v2\/users\/1"}],"replies":[{"embeddable":true,"href":"https:\/\/www.sindmoveis-rio.org.br\/sis\/wp-json\/wp\/v2\/comments?post=2236"}],"version-history":[{"count":2,"href":"https:\/\/www.sindmoveis-rio.org.br\/sis\/wp-json\/wp\/v2\/pages\/2236\/revisions"}],"predecessor-version":[{"id":2238,"href":"https:\/\/www.sindmoveis-rio.org.br\/sis\/wp-json\/wp\/v2\/pages\/2236\/revisions\/2238"}],"wp:attachment":[{"href":"https:\/\/www.sindmoveis-rio.org.br\/sis\/wp-json\/wp\/v2\/media?parent=2236"}],"curies":[{"name":"wp","href":"https:\/\/api.w.org\/{rel}","templated":true}]}}